{"id":2543,"date":"2025-09-30T12:21:26","date_gmt":"2025-09-30T10:21:26","guid":{"rendered":"https:\/\/arterraceramica.com\/?page_id=2543"},"modified":"2026-01-08T13:44:19","modified_gmt":"2026-01-08T12:44:19","slug":"impressum","status":"publish","type":"page","link":"https:\/\/arterraceramica.com\/de\/impressum\/","title":{"rendered":"Impressum"},"content":{"rendered":"<div class=\"fusion-fullwidth fullwidth-box fusion-builder-row-1 fusion-flex-container has-pattern-background has-mask-background nonhundred-percent-fullwidth non-hundred-percent-height-scrolling\" style=\"--awb-border-radius-top-left:0px;--awb-border-radius-top-right:0px;--awb-border-radius-bottom-right:0px;--awb-border-radius-bottom-left:0px;--awb-flex-wrap:wrap;\" ><div class=\"fusion-builder-row fusion-row fusion-flex-align-items-flex-start fusion-flex-content-wrap\" style=\"max-width:1248px;margin-left: calc(-4% \/ 2 );margin-right: calc(-4% \/ 2 );\"><div class=\"fusion-layout-column fusion_builder_column fusion-builder-column-0 fusion_builder_column_1_1 1_1 fusion-flex-column\" style=\"--awb-bg-size:cover;--awb-width-large:100%;--awb-margin-top-large:0px;--awb-spacing-right-large:1.92%;--awb-margin-bottom-large:20px;--awb-spacing-left-large:1.92%;--awb-width-medium:100%;--awb-order-medium:0;--awb-spacing-right-medium:1.92%;--awb-spacing-left-medium:1.92%;--awb-width-small:100%;--awb-order-small:0;--awb-spacing-right-small:1.92%;--awb-spacing-left-small:1.92%;\"><div class=\"fusion-column-wrapper fusion-column-has-shadow fusion-flex-justify-content-flex-start fusion-content-layout-column\"><div class=\"fusion-text fusion-text-1\"><div class=\"legal-pages\">\n<h1>Impressum<\/h1>\n<p>In Erf\u00fcllung der Informationspflicht gem\u00e4\u00df Artikel 10 des Gesetzes 34\/2002 vom 11. Juli \u00fcber Dienste der Informationsgesellschaft und den elektronischen Gesch\u00e4ftsverkehr <strong>(LSSI-CE)<\/strong> werden die Nutzer \u00fcber folgende Angaben informiert:<\/p>\n<ul>\n<li><strong data-start=\"270\" data-end=\"285\">Firmenname:<\/strong> Spanische Vereinigung der Keramikst\u00e4dte (Asociaci\u00f3n Espa\u00f1ola de Ciudades de la Cer\u00e1mica \u2013 AeCC)<\/li>\n<li><strong data-start=\"384\" data-end=\"407\">Steuernummer (CIF):<\/strong> G64767775<\/li>\n<li><strong data-start=\"420\" data-end=\"429\">Sitz:<\/strong> Calle Ram\u00f3n Par, Nummer 1, 08310, Argentona (Barcelona), Spanien<\/li>\n<li><strong>Website:<\/strong> https:\/\/arterraceramica.com\/<\/li>\n<\/ul>\n<h2>1. Zweck<\/h2>\n<p>Die <strong>Spanische Vereinigung der Keramikst\u00e4dte (AeCC)<\/strong> (nachfolgend der Anbieter), als Verantwortlicher der Website www.arterraceramica.com<br \/>\n, stellt den Nutzern dieses Dokument zur Verf\u00fcgung, das die Nutzung der Website regelt, um den im LSSI-CE festgelegten Verpflichtungen nachzukommen sowie alle Nutzer \u00fcber die Nutzungsbedingungen der Website zu informieren.<\/p>\n<p>\u00dcber diese Website erm\u00f6glicht der Anbieter den Nutzern den Zugang zu Informationen, Aktivit\u00e4ten und Ressourcen im Zusammenhang mit Keramik sowie die M\u00f6glichkeit, sich f\u00fcr kostenlose Kurse oder andere Bildungs- und Vermittlungsaktivit\u00e4ten zu registrieren.<\/p>\n<p>Jede Person, die auf diese Website zugreift, \u00fcbernimmt die Rolle des Nutzers (nachfolgend der Nutzer), was die vollst\u00e4ndige und vorbehaltlose Annahme s\u00e4mtlicher Bestimmungen dieses rechtlichen Hinweises sowie aller sonstigen anwendbaren gesetzlichen Vorschriften beinhaltet.<\/p>\n<p>Der Anbieter beh\u00e4lt sich das Recht vor, jegliche Art von Informationen, die auf der Website erscheinen k\u00f6nnten, zu \u00e4ndern, ohne verpflichtet zu sein, die Nutzer zuvor dar\u00fcber zu informieren. Die Ver\u00f6ffentlichung auf der Website des Anbieters gilt als ausreichend.<\/p>\n<h2>2. Zugangs- und Nutzungsbedingungen der Website<\/h2>\n<h3>2.1. Richtigkeit der Informationen<\/h3>\n<p data-start=\"53\" data-end=\"291\">Alle vom Nutzer bereitgestellten Informationen m\u00fcssen wahrheitsgem\u00e4\u00df sein. Zu diesem Zweck garantiert der Nutzer die Echtheit der \u00fcber die Registrierungs- oder Kontaktformulare \u00fcbermittelten Daten.<\/p>\n<p data-start=\"293\" data-end=\"635\">Es liegt in der Verantwortung des Nutzers, alle dem Anbieter zur Verf\u00fcgung gestellten Informationen stets aktuell zu halten, sodass sie jederzeit seiner tats\u00e4chlichen Situation entsprechen. In jedem Fall ist der Nutzer allein verantwortlich f\u00fcr falsche oder ungenaue Angaben sowie f\u00fcr Sch\u00e4den, die dem Anbieter oder Dritten dadurch entstehen.<\/p>\n<h3>2.2. Minderj\u00e4hrige<\/h3>\n<p data-start=\"650\" data-end=\"955\">F\u00fcr die Nutzung der auf dieser Website angebotenen Dienste m\u00fcssen Minderj\u00e4hrige stets die vorherige Zustimmung ihrer Eltern, Erziehungsberechtigten oder gesetzlichen Vertreter haben, die letztlich f\u00fcr alle Handlungen der ihnen anvertrauten Minderj\u00e4hrigen verantwortlich sind. Es obliegt den gesetzlichen Vertretern zu bestimmen, auf welche konkreten Inhalte Minderj\u00e4hrige Zugriff haben. Sollten Minderj\u00e4hrige \u00fcber das Internet auf ungeeignete Inhalte zugreifen, sind auf ihren Computern entsprechende Mechanismen \u2014 insbesondere Filter- und Sperrsoftware \u2014 einzurichten, um die verf\u00fcgbaren Inhalte zu begrenzen.<\/p>\n<h3>2.3. Verpflichtung zur ordnungsgem\u00e4\u00dfen Nutzung der Website<\/h3>\n<p data-start=\"1275\" data-end=\"1857\">Der Nutzer verpflichtet sich, die Website in \u00dcbereinstimmung mit dem Gesetz, diesem rechtlichen Hinweis, der Moral und den guten Sitten zu nutzen. Zu diesem Zweck unterl\u00e4sst der Nutzer die Nutzung der Website zu rechtswidrigen oder verbotenen Zwecken, zu Zwecken, die Rechte und Interessen Dritter verletzen, oder die in irgendeiner Weise die normale Nutzung von Computersystemen, Dokumenten, Dateien und Inhalten auf den Computersystemen des Anbieters besch\u00e4digen, beeintr\u00e4chtigen, \u00fcberlasten oder verhindern k\u00f6nnen.<\/p>\n<p data-start=\"1859\" data-end=\"2013\">Beispielhaft, jedoch nicht abschlie\u00dfend, verpflichtet sich der Nutzer, keine Inhalte zu \u00fcbermitteln, zu verbreiten oder Dritten zug\u00e4nglich zu machen, die:<\/p>\n<ul>\n<li>gegen die in der Verfassung, in internationalen Vertr\u00e4gen oder in der \u00fcbrigen Rechtsordnung anerkannten Grundrechte und \u00f6ffentlichen Freiheiten versto\u00dfen, diese missachten oder verletzen;<\/li>\n<li>zu strafbaren, herabw\u00fcrdigenden, verleumderischen, gewaltt\u00e4tigen Handlungen anstiften, diese f\u00f6rdern oder allgemein gegen das Gesetz, die Moral oder die \u00f6ffentliche Ordnung versto\u00dfen;<\/li>\n<li>diskriminierende Inhalte, Haltungen oder Gedanken aufgrund von Geschlecht, Rasse, Religion, \u00dcberzeugungen, Alter oder sonstiger Bedingungen enthalten;<\/li>\n<li>gegen das Recht auf Ehre, auf pers\u00f6nliche oder famili\u00e4re Privatsph\u00e4re oder auf das eigene Bild versto\u00dfen;<\/li>\n<li>in irgendeiner Weise die Glaubw\u00fcrdigkeit des Anbieters oder Dritter beeintr\u00e4chtigen;<\/li>\n<li>unzul\u00e4ssige, irref\u00fchrende oder unlautere Werbung darstellen.<\/li>\n<\/ul>\n<h2>3. Ausschluss von Gew\u00e4hrleistungen und Haftung<\/h2>\n<p data-start=\"2865\" data-end=\"3089\">Der Anbieter schlie\u00dft jede Haftung aus, die sich aus den auf der Website ver\u00f6ffentlichten Informationen ergibt, sofern diese Informationen von einem Dritten manipuliert oder eingestellt wurden, der nicht zum Anbieter geh\u00f6rt.<\/p>\n<p data-start=\"3091\" data-end=\"3385\">Diese Website wurde \u00fcberpr\u00fcft und getestet, um einen ordnungsgem\u00e4\u00dfen Betrieb sicherzustellen. Der Anbieter schlie\u00dft jedoch nicht aus, dass Programmierfehler, gelegentliche Ausf\u00e4lle des Dienstes oder andere F\u00e4lle h\u00f6herer Gewalt auftreten k\u00f6nnen, die den Zugriff auf die Website unm\u00f6glich machen.<\/p>\n<p data-start=\"3387\" data-end=\"3531\">Der Anbieter \u00fcbernimmt keinerlei Gew\u00e4hrleistung und haftet in keinem Fall f\u00fcr Sch\u00e4den oder Nachteile jeglicher Art, die sich ergeben k\u00f6nnen aus:<\/p>\n<ul>\n<li>der fehlenden Verf\u00fcgbarkeit, Wartung oder dem nicht ordnungsgem\u00e4\u00dfen Funktionieren der Website oder ihrer Dienste und Inhalte;<\/li>\n<li>dem Vorhandensein von Viren, sch\u00e4dlicher oder b\u00f6sartiger Software in den Inhalten;<\/li>\n<li>einer rechtswidrigen, fahrl\u00e4ssigen, betr\u00fcgerischen oder diesem rechtlichen Hinweis widersprechenden Nutzung der Website;<\/li>\n<li>der fehlenden Rechtm\u00e4\u00dfigkeit, Qualit\u00e4t, Zuverl\u00e4ssigkeit, N\u00fctzlichkeit oder Verf\u00fcgbarkeit der von Dritten \u00fcber die Website erbrachten Dienste.<\/li>\n<\/ul>\n<h2>4. Cookies<\/h2>\n<p data-start=\"0\" data-end=\"309\">Die Website des Anbieters kann Cookies verwenden (kleine Informationsdateien, die vom Server an den Computer des Nutzers gesendet werden), um bestimmte Funktionen auszuf\u00fchren, die f\u00fcr das ordnungsgem\u00e4\u00dfe Funktionieren und die korrekte Darstellung der Website als unerl\u00e4sslich angesehen werden.<\/p>\n<p data-start=\"311\" data-end=\"595\">Die verwendeten Cookies haben in jedem Fall einen tempor\u00e4ren Charakter und dienen ausschlie\u00dflich dazu, die Navigation effizienter zu gestalten; sie werden nach Beendigung der Sitzung des Nutzers gel\u00f6scht. In keinem Fall werden Cookies verwendet, um personenbezogene Daten zu erfassen.<\/p>\n<p data-start=\"597\" data-end=\"663\">Weitere Informationen finden Sie in unserer Cookie-Richtlinie.<\/p>\n<h2>5. Links<\/h2>\n<p data-start=\"665\" data-end=\"919\">Von der Website aus kann auf Inhalte Dritter weitergeleitet werden. Da der Anbieter die von Dritten auf ihren jeweiligen Websites eingestellten Inhalte nicht stets kontrollieren kann, \u00fcbernimmt er keinerlei Verantwortung f\u00fcr diese Inhalte.<\/p>\n<p data-start=\"921\" data-end=\"1220\">Der Anbieter verpflichtet sich jedoch, Inhalte, die gegen nationale oder internationale Gesetzgebung, die Moral oder die \u00f6ffentliche Ordnung versto\u00dfen k\u00f6nnten, unverz\u00fcglich zu entfernen, die Weiterleitung zu der entsprechenden Website umgehend zu l\u00f6schen und die zust\u00e4ndigen Beh\u00f6rden zu informieren.<\/p>\n<p data-start=\"1222\" data-end=\"1463\">Der Anbieter \u00fcbernimmt keine Verantwortung f\u00fcr Informationen und Inhalte, die in Foren, Chats, Blogs, Kommentaren, sozialen Netzwerken oder anderen Medien gespeichert sind, die es Dritten erm\u00f6glichen, Inhalte eigenst\u00e4ndig zu ver\u00f6ffentlichen.<\/p>\n<p data-start=\"1465\" data-end=\"1850\">Unbeschadet dessen stellt sich der Anbieter \u2014 in \u00dcbereinstimmung mit den Artikeln 11 und 16 der LSSI-CE \u2014 allen Nutzern, Beh\u00f6rden und Sicherheitskr\u00e4ften zur Verf\u00fcgung und arbeitet aktiv an der Entfernung oder gegebenenfalls Sperrung von Inhalten mit, die gegen nationale oder internationale Gesetzgebung, die Rechte Dritter oder die Moral und die \u00f6ffentliche Ordnung versto\u00dfen k\u00f6nnten.<\/p>\n<p data-start=\"1852\" data-end=\"2050\">Sollte ein Nutzer der Ansicht sein, dass auf der Website Inhalte vorhanden sind, die unter diese Klassifizierung fallen, wird er gebeten, dies unverz\u00fcglich dem Administrator der Website mitzuteilen.<\/p>\n<h2>6. Schutz personenbezogener Daten<\/h2>\n<p data-start=\"2052\" data-end=\"2395\">Der Anbieter ist in hohem Ma\u00dfe dem Schutz personenbezogener Daten verpflichtet und gew\u00e4hrleistet die vollst\u00e4ndige Einhaltung der einschl\u00e4gigen gesetzlichen Verpflichtungen sowie die Umsetzung der Sicherheitsma\u00dfnahmen gem\u00e4\u00df der <strong>Verordnung (EU) 2016\/679 (DSGVO)<\/strong> und der spanischen Datenschutzvorschriften.<\/p>\n<p data-start=\"2397\" data-end=\"2466\">Weitere Informationen finden Sie in unserer Datenschutzerkl\u00e4rung.<\/p>\n<h2>7. Soziale Netzwerke<\/h2>\n<p data-start=\"2468\" data-end=\"2855\">Der Anbieter kann in sozialen Netzwerken pr\u00e4sent sein. Die Verarbeitung der Daten, die Nutzer dort bereitstellen \u2014 etwa durch das Folgen des Anbieters, Interaktionen oder das Herstellen von Verbindungen \u2014 unterliegt den Nutzungsbedingungen, Datenschutzrichtlinien und Zugangsregelungen der jeweiligen sozialen Netzwerke, die vom Nutzer zuvor akzeptiert wurden.<\/p>\n<p data-start=\"2857\" data-end=\"3063\">Der Anbieter verarbeitet diese Daten, um \u00fcber Aktivit\u00e4ten, Kurse oder Dienstleistungen der Vereinigung zu informieren, \u00fcbernimmt jedoch keine Verantwortung f\u00fcr die Datenschutzrichtlinien dieser Plattformen.<\/p>\n<p data-start=\"3065\" data-end=\"3551\" data-is-last-node=\"\" data-is-only-node=\"\">Die Ver\u00f6ffentlichung von Inhalten, die rechtswidrig sind, gegen Grundrechte versto\u00dfen, beleidigend sind oder gegen die Grunds\u00e4tze der Legalit\u00e4t, Redlichkeit, Verantwortung, der menschlichen W\u00fcrde, des Jugendschutzes, der \u00f6ffentlichen Ordnung, des Privatlebens, des Verbraucherschutzes oder der geistigen und gewerblichen Eigentumsrechte versto\u00dfen, ist untersagt. Der Anbieter beh\u00e4lt sich das Recht vor, solche als unangemessen erachteten Inhalte ohne vorherige Ank\u00fcndigung zu entfernen.<\/p>\n<h2>8. Geistiges und gewerbliches Eigentum<\/h2>\n<p data-start=\"0\" data-end=\"376\">Die Website, einschlie\u00dflich \u2014 jedoch nicht beschr\u00e4nkt auf \u2014 Programmierung, Bearbeitung, Zusammenstellung und sonstige f\u00fcr ihren Betrieb erforderliche Elemente sowie Designs, Logos, Texte, Fotografien und\/oder Grafiken, ist Eigentum des Anbieters oder wird mit Lizenz bzw. ausdr\u00fccklicher Genehmigung der jeweiligen Urheber genutzt.<\/p>\n<p data-start=\"378\" data-end=\"505\">Alle Inhalte der Website sind ordnungsgem\u00e4\u00df durch die geltenden Vorschriften zum geistigen und gewerblichen Eigentum gesch\u00fctzt.<\/p>\n<p data-start=\"507\" data-end=\"701\">Unabh\u00e4ngig vom Verwendungszweck bed\u00fcrfen die vollst\u00e4ndige oder teilweise Vervielf\u00e4ltigung, Nutzung, Verbreitung und \u00f6ffentliche Wiedergabe der vorherigen schriftlichen Genehmigung des Anbieters.<\/p>\n<p data-start=\"703\" data-end=\"937\">Designs, Logos, Texte und\/oder Grafiken, die nicht Eigentum des Anbieters sind und auf der Website erscheinen k\u00f6nnen, geh\u00f6ren ihren jeweiligen Eigent\u00fcmern, die f\u00fcr etwaige Streitigkeiten in Bezug auf diese Inhalte verantwortlich sind.<\/p>\n<p data-start=\"939\" data-end=\"1253\">Der Anbieter erkennt zugunsten der jeweiligen Inhaber die entsprechenden gewerblichen und geistigen Eigentumsrechte an. Die blo\u00dfe Nennung oder das Erscheinen dieser Inhalte auf der Website begr\u00fcndet weder Rechte noch Haftung seitens des Anbieters und stellt auch keine Unterst\u00fctzung, F\u00f6rderung oder Empfehlung dar.<\/p>\n<p data-start=\"1255\" data-end=\"1424\">Hinweise auf m\u00f6gliche Verletzungen von Rechten des geistigen oder gewerblichen Eigentums k\u00f6nnen \u00fcber die oben angegebene E-Mail-Adresse an den Anbieter gerichtet werden.<\/p>\n<h2>9. Anwendbares Recht und Gerichtsstand<\/h2>\n<p data-start=\"1426\" data-end=\"1620\">F\u00fcr die Beilegung aller Streitigkeiten oder Fragen im Zusammenhang mit dieser Website oder den \u00fcber sie ausge\u00fcbten T\u00e4tigkeiten gilt spanisches Recht.<\/p>\n<p data-start=\"1622\" data-end=\"1812\" data-is-last-node=\"\" data-is-only-node=\"\">Die Parteien unterwerfen sich ausdr\u00fccklich der Zust\u00e4ndigkeit der <strong>Gerichte und Tribunale von Barcelona<\/strong> unter Ausschluss jedes anderen Gerichtsstands, der ihnen gegebenenfalls zustehen k\u00f6nnte.<\/p>\n<\/div>\n<\/div><\/div><\/div><\/div><\/div>\n","protected":false},"excerpt":{"rendered":"","protected":false},"author":2,"featured_media":0,"parent":0,"menu_order":0,"comment_status":"closed","ping_status":"closed","template":"100-width.php","meta":{"footnotes":""},"class_list":["post-2543","page","type-page","status-publish","hentry"],"yoast_head":"<!-- This site is optimized with the Yoast SEO plugin v26.0 - https:\/\/yoast.com\/wordpress\/plugins\/seo\/ -->\n<title>Impressum - ARTERRA<\/title>\n<meta name=\"robots\" content=\"index, follow, max-snippet:-1, max-image-preview:large, max-video-preview:-1\" \/>\n<link rel=\"canonical\" href=\"https:\/\/arterraceramica.com\/de\/impressum\/\" \/>\n<meta property=\"og:locale\" content=\"de_DE\" \/>\n<meta property=\"og:type\" content=\"article\" \/>\n<meta property=\"og:title\" content=\"Impressum - ARTERRA\" \/>\n<meta property=\"og:url\" content=\"https:\/\/arterraceramica.com\/de\/impressum\/\" \/>\n<meta property=\"og:site_name\" content=\"ARTERRA\" \/>\n<meta property=\"article:publisher\" content=\"https:\/\/www.facebook.com\/arterra_ceramica\/\" \/>\n<meta property=\"article:modified_time\" content=\"2026-01-08T12:44:19+00:00\" \/>\n<meta property=\"og:image\" content=\"https:\/\/arterraceramica.com\/wp-content\/uploads\/2025\/09\/logo-arterra-header-web.png\" \/>\n\t<meta property=\"og:image:width\" content=\"1485\" \/>\n\t<meta property=\"og:image:height\" content=\"365\" \/>\n\t<meta property=\"og:image:type\" content=\"image\/png\" \/>\n<meta name=\"twitter:card\" content=\"summary_large_image\" \/>\n<meta name=\"twitter:label1\" content=\"Gesch\u00e4tzte Lesezeit\" \/>\n\t<meta name=\"twitter:data1\" content=\"7\u00a0Minuten\" \/>\n<script type=\"application\/ld+json\" class=\"yoast-schema-graph\">{\"@context\":\"https:\/\/schema.org\",\"@graph\":[{\"@type\":\"WebPage\",\"@id\":\"https:\/\/arterraceramica.com\/de\/impressum\/\",\"url\":\"https:\/\/arterraceramica.com\/de\/impressum\/\",\"name\":\"Impressum - ARTERRA\",\"isPartOf\":{\"@id\":\"https:\/\/arterraceramica.com\/#website\"},\"datePublished\":\"2025-09-30T10:21:26+00:00\",\"dateModified\":\"2026-01-08T12:44:19+00:00\",\"breadcrumb\":{\"@id\":\"https:\/\/arterraceramica.com\/de\/impressum\/#breadcrumb\"},\"inLanguage\":\"de\",\"potentialAction\":[{\"@type\":\"ReadAction\",\"target\":[\"https:\/\/arterraceramica.com\/de\/impressum\/\"]}]},{\"@type\":\"BreadcrumbList\",\"@id\":\"https:\/\/arterraceramica.com\/de\/impressum\/#breadcrumb\",\"itemListElement\":[{\"@type\":\"ListItem\",\"position\":1,\"name\":\"Portada\",\"item\":\"https:\/\/arterraceramica.com\/de\/\"},{\"@type\":\"ListItem\",\"position\":2,\"name\":\"Impressum\"}]},{\"@type\":\"WebSite\",\"@id\":\"https:\/\/arterraceramica.com\/#website\",\"url\":\"https:\/\/arterraceramica.com\/\",\"name\":\"ARTERRA\",\"description\":\"Lugares donde la tierra cobra vida\",\"publisher\":{\"@id\":\"https:\/\/arterraceramica.com\/#organization\"},\"alternateName\":\"Lugares donde la tierra cobra vida\",\"potentialAction\":[{\"@type\":\"SearchAction\",\"target\":{\"@type\":\"EntryPoint\",\"urlTemplate\":\"https:\/\/arterraceramica.com\/?s={search_term_string}\"},\"query-input\":{\"@type\":\"PropertyValueSpecification\",\"valueRequired\":true,\"valueName\":\"search_term_string\"}}],\"inLanguage\":\"de\"},{\"@type\":\"Organization\",\"@id\":\"https:\/\/arterraceramica.com\/#organization\",\"name\":\"ARTERRA\",\"alternateName\":\"Lugares donde la tierra cobra vida\",\"url\":\"https:\/\/arterraceramica.com\/\",\"logo\":{\"@type\":\"ImageObject\",\"inLanguage\":\"de\",\"@id\":\"https:\/\/arterraceramica.com\/#\/schema\/logo\/image\/\",\"url\":\"https:\/\/arterraceramica.com\/wp-content\/uploads\/2025\/09\/logo-arterra-header-web.png\",\"contentUrl\":\"https:\/\/arterraceramica.com\/wp-content\/uploads\/2025\/09\/logo-arterra-header-web.png\",\"width\":1485,\"height\":365,\"caption\":\"ARTERRA\"},\"image\":{\"@id\":\"https:\/\/arterraceramica.com\/#\/schema\/logo\/image\/\"},\"sameAs\":[\"https:\/\/www.facebook.com\/arterra_ceramica\/\",\"https:\/\/www.instagram.com\/arterra_ceramica\"]}]}<\/script>\n<!-- \/ Yoast SEO plugin. -->","yoast_head_json":{"title":"Impressum - ARTERRA","robots":{"index":"index","follow":"follow","max-snippet":"max-snippet:-1","max-image-preview":"max-image-preview:large","max-video-preview":"max-video-preview:-1"},"canonical":"https:\/\/arterraceramica.com\/de\/impressum\/","og_locale":"de_DE","og_type":"article","og_title":"Impressum - ARTERRA","og_url":"https:\/\/arterraceramica.com\/de\/impressum\/","og_site_name":"ARTERRA","article_publisher":"https:\/\/www.facebook.com\/arterra_ceramica\/","article_modified_time":"2026-01-08T12:44:19+00:00","og_image":[{"width":1485,"height":365,"url":"https:\/\/arterraceramica.com\/wp-content\/uploads\/2025\/09\/logo-arterra-header-web.png","type":"image\/png"}],"twitter_card":"summary_large_image","twitter_misc":{"Gesch\u00e4tzte Lesezeit":"7\u00a0Minuten"},"schema":{"@context":"https:\/\/schema.org","@graph":[{"@type":"WebPage","@id":"https:\/\/arterraceramica.com\/de\/impressum\/","url":"https:\/\/arterraceramica.com\/de\/impressum\/","name":"Impressum - ARTERRA","isPartOf":{"@id":"https:\/\/arterraceramica.com\/#website"},"datePublished":"2025-09-30T10:21:26+00:00","dateModified":"2026-01-08T12:44:19+00:00","breadcrumb":{"@id":"https:\/\/arterraceramica.com\/de\/impressum\/#breadcrumb"},"inLanguage":"de","potentialAction":[{"@type":"ReadAction","target":["https:\/\/arterraceramica.com\/de\/impressum\/"]}]},{"@type":"BreadcrumbList","@id":"https:\/\/arterraceramica.com\/de\/impressum\/#breadcrumb","itemListElement":[{"@type":"ListItem","position":1,"name":"Portada","item":"https:\/\/arterraceramica.com\/de\/"},{"@type":"ListItem","position":2,"name":"Impressum"}]},{"@type":"WebSite","@id":"https:\/\/arterraceramica.com\/#website","url":"https:\/\/arterraceramica.com\/","name":"ARTERRA","description":"Lugares donde la tierra cobra vida","publisher":{"@id":"https:\/\/arterraceramica.com\/#organization"},"alternateName":"Lugares donde la tierra cobra vida","potentialAction":[{"@type":"SearchAction","target":{"@type":"EntryPoint","urlTemplate":"https:\/\/arterraceramica.com\/?s={search_term_string}"},"query-input":{"@type":"PropertyValueSpecification","valueRequired":true,"valueName":"search_term_string"}}],"inLanguage":"de"},{"@type":"Organization","@id":"https:\/\/arterraceramica.com\/#organization","name":"ARTERRA","alternateName":"Lugares donde la tierra cobra vida","url":"https:\/\/arterraceramica.com\/","logo":{"@type":"ImageObject","inLanguage":"de","@id":"https:\/\/arterraceramica.com\/#\/schema\/logo\/image\/","url":"https:\/\/arterraceramica.com\/wp-content\/uploads\/2025\/09\/logo-arterra-header-web.png","contentUrl":"https:\/\/arterraceramica.com\/wp-content\/uploads\/2025\/09\/logo-arterra-header-web.png","width":1485,"height":365,"caption":"ARTERRA"},"image":{"@id":"https:\/\/arterraceramica.com\/#\/schema\/logo\/image\/"},"sameAs":["https:\/\/www.facebook.com\/arterra_ceramica\/","https:\/\/www.instagram.com\/arterra_ceramica"]}]}},"_links":{"self":[{"href":"https:\/\/arterraceramica.com\/de\/wp-json\/wp\/v2\/pages\/2543","targetHints":{"allow":["GET"]}}],"collection":[{"href":"https:\/\/arterraceramica.com\/de\/wp-json\/wp\/v2\/pages"}],"about":[{"href":"https:\/\/arterraceramica.com\/de\/wp-json\/wp\/v2\/types\/page"}],"author":[{"embeddable":true,"href":"https:\/\/arterraceramica.com\/de\/wp-json\/wp\/v2\/users\/2"}],"replies":[{"embeddable":true,"href":"https:\/\/arterraceramica.com\/de\/wp-json\/wp\/v2\/comments?post=2543"}],"version-history":[{"count":2,"href":"https:\/\/arterraceramica.com\/de\/wp-json\/wp\/v2\/pages\/2543\/revisions"}],"predecessor-version":[{"id":3432,"href":"https:\/\/arterraceramica.com\/de\/wp-json\/wp\/v2\/pages\/2543\/revisions\/3432"}],"wp:attachment":[{"href":"https:\/\/arterraceramica.com\/de\/wp-json\/wp\/v2\/media?parent=2543"}],"curies":[{"name":"wp","href":"https:\/\/api.w.org\/{rel}","templated":true}]}}