{"id":2644,"date":"2025-09-30T12:27:27","date_gmt":"2025-09-30T10:27:27","guid":{"rendered":"https:\/\/arterraceramica.com\/?page_id=2644"},"modified":"2026-01-08T13:48:23","modified_gmt":"2026-01-08T12:48:23","slug":"cookie-richtlinie","status":"publish","type":"page","link":"https:\/\/arterraceramica.com\/de\/cookie-richtlinie\/","title":{"rendered":"Cookie-Richtlinie"},"content":{"rendered":"<div class=\"fusion-fullwidth fullwidth-box fusion-builder-row-1 fusion-flex-container has-pattern-background has-mask-background nonhundred-percent-fullwidth non-hundred-percent-height-scrolling\" style=\"--awb-border-radius-top-left:0px;--awb-border-radius-top-right:0px;--awb-border-radius-bottom-right:0px;--awb-border-radius-bottom-left:0px;--awb-flex-wrap:wrap;\" ><div class=\"fusion-builder-row fusion-row fusion-flex-align-items-flex-start fusion-flex-content-wrap\" style=\"max-width:1248px;margin-left: calc(-4% \/ 2 );margin-right: calc(-4% \/ 2 );\"><div class=\"fusion-layout-column fusion_builder_column fusion-builder-column-0 fusion_builder_column_1_1 1_1 fusion-flex-column\" style=\"--awb-bg-size:cover;--awb-width-large:100%;--awb-margin-top-large:0px;--awb-spacing-right-large:1.92%;--awb-margin-bottom-large:20px;--awb-spacing-left-large:1.92%;--awb-width-medium:100%;--awb-order-medium:0;--awb-spacing-right-medium:1.92%;--awb-spacing-left-medium:1.92%;--awb-width-small:100%;--awb-order-small:0;--awb-spacing-right-small:1.92%;--awb-spacing-left-small:1.92%;\"><div class=\"fusion-column-wrapper fusion-column-has-shadow fusion-flex-justify-content-flex-start fusion-content-layout-column\"><div class=\"fusion-text fusion-text-1\"><div class=\"legal-pages\">\n<h1>Cookie-Richtlinie<\/h1>\n<h2>1. Einleitung<\/h2>\n<p>Unsere Website, <a class=\"decorated-link cursor-pointer\" target=\"_new\" rel=\"noopener\" data-start=\"63\" data-end=\"95\">https:\/\/www.arterraceramica.com<\/a> (nachfolgend \u201edie Website\u201c), verwendet Cookies und andere verwandte Technologien (der Einfachheit halber werden alle Technologien als \u201eCookies\u201c bezeichnet). Cookies werden auch von Drittanbietern gesetzt, mit denen wir zusammenarbeiten. In diesem Dokument informieren wir Sie \u00fcber die Verwendung von Cookies auf unserer Website.<\/p>\n<h2>2. Was sind Cookies?<\/h2>\n<p>Ein Cookie ist eine kleine Datei, die zusammen mit den Seiten dieser Website gesendet und von Ihrem Browser auf der Festplatte Ihres Computers oder eines anderen Ger\u00e4ts gespeichert wird. Die gespeicherten Informationen k\u00f6nnen bei einem sp\u00e4teren Besuch an unsere Server oder an die Server relevanter Drittanbieter zur\u00fcckgesendet werden.<\/p>\n<h2>3. Was sind Skripte?<\/h2>\n<p>Ein Skript ist ein Codefragment, das verwendet wird, damit unsere Website ordnungsgem\u00e4\u00df funktioniert und korrekt interagiert. Dieser Code wird entweder auf unserem Server oder auf Ihrem Ger\u00e4t ausgef\u00fchrt.<\/p>\n<h2>4. Was ist ein Web-Beacon?<\/h2>\n<p>Ein Web-Beacon (oder Pixel-Tag) ist ein kleines, unsichtbares Text- oder Bildelement auf einer Website, das zur Nachverfolgung des Website-Verkehrs verwendet wird. Zu diesem Zweck werden mithilfe von Web-Beacons verschiedene Daten \u00fcber Sie gespeichert.<\/p>\n<h2>5. Cookies<\/h2>\n<h3>5.1. Technische oder funktionale Cookies<\/h3>\n<p>Einige Cookies stellen sicher, dass bestimmte Teile der Website ordnungsgem\u00e4\u00df funktionieren und dass Ihre Benutzereinstellungen gespeichert bleiben. Durch das Setzen funktionaler Cookies erleichtern wir Ihnen den Besuch der Website. Beispielsweise m\u00fcssen Sie bei einem erneuten Besuch nicht wiederholt dieselben Informationen eingeben. Diese Cookies k\u00f6nnen ohne Ihre Einwilligung gesetzt werden.<\/p>\n<h3>5.2. Analyse-Cookies<\/h3>\n<p>Analyse-Cookies werden anonym verwendet, um Statistiken zu erfassen und unsere Dienstleistungen zu verbessern. Da es sich um anonyme Daten handelt, ist Ihre ausdr\u00fcckliche Einwilligung f\u00fcr deren Setzung nicht erforderlich.<\/p>\n<h3>5.3. Social-Media-Schaltfl\u00e4chen<\/h3>\n<p data-start=\"2088\" data-end=\"2544\">Auf unserer Website haben wir Schaltfl\u00e4chen von Facebook, Twitter, LinkedIn und Instagram integriert, um Seiten zu bewerben (z. B. \u201eGef\u00e4llt mir\u201c, \u201eTeilen\u201c) oder Inhalte in sozialen Netzwerken zu teilen. Diese Schaltfl\u00e4chen funktionieren mithilfe von Code, der von den jeweiligen Plattformen bereitgestellt wird und Cookies einbettet. Diese Schaltfl\u00e4chen k\u00f6nnen bestimmte Informationen speichern und verarbeiten, um Ihnen personalisierte Werbung anzuzeigen.<\/p>\n<p data-start=\"2546\" data-end=\"2917\" data-is-last-node=\"\" data-is-only-node=\"\">Wir empfehlen Ihnen, die Datenschutzerkl\u00e4rungen dieser sozialen Netzwerke (die sich h\u00e4ufig \u00e4ndern k\u00f6nnen) zu lesen, um zu erfahren, wie sie mit Ihren personenbezogenen Daten umgehen, die \u00fcber diese Cookies verarbeitet werden. Soweit m\u00f6glich, werden die empfangenen Daten anonymisiert. Facebook, Twitter, LinkedIn und Instagram haben ihren Sitz in den Vereinigten Staaten.<\/p>\n<h2>6. Verwendete Cookies<\/h2>\n<table>\n<thead>\n<tr>\n<th>Name<\/th>\n<th>Type<\/th>\n<th>Expiration<\/th>\n<th>Ablauf<\/th>\n<th>Datenweitergabe<\/th>\n<\/tr>\n<\/thead>\n<tbody>\n<tr>\n<td>_ga<\/td>\n<td>Analytisch<\/td>\n<td>2 Jahre<\/td>\n<td>Analyse der Nutzung der Website zur Verbesserung der Dienste.<\/td>\n<td>Nein<\/td>\n<\/tr>\n<tr>\n<td>_gid<\/td>\n<td>Analytisch<\/td>\n<td>24 Stunden<\/td>\n<td>Unterscheidung von Nutzern zur Analyse des Website-Traffics.<\/td>\n<td>Nein<\/td>\n<\/tr>\n<tr>\n<td>_gat<\/td>\n<td>Analytisch<\/td>\n<td>1 Minute<\/td>\n<td>Begrenzung der Anzahl von Anfragen.<\/td>\n<td>Nein<\/td>\n<\/tr>\n<tr>\n<td>CookieConsent<\/td>\n<td>Erforderlich<\/td>\n<td>1 Jahr<\/td>\n<td>Speicherung der Einwilligungspr\u00e4ferenzen des Nutzers.<\/td>\n<td>Nein<\/td>\n<\/tr>\n<tr>\n<td>rc::a<\/td>\n<td>Erforderlich<\/td>\n<td>Sitzung<\/td>\n<td>Unterscheidung zwischen Menschen und Bots.<\/td>\n<td>Ja (gstatic.com)<\/td>\n<\/tr>\n<tr>\n<td>rc::c<\/td>\n<td>Erforderlich<\/td>\n<td>Sitzung<\/td>\n<td>Unterscheidung zwischen Menschen und Bots.<\/td>\n<td>Ja (gstatic.com)<\/td>\n<\/tr>\n<\/tbody>\n<\/table>\n<h2>7. Einwilligung<\/h2>\n<p>Wenn Sie unsere Website zum ersten Mal besuchen, zeigen wir Ihnen ein Pop-up-Fenster mit einer Erkl\u00e4rung zu Cookies an. Sobald Sie auf <strong data-start=\"161\" data-end=\"190\">\u201eEinstellungen speichern\u201c<\/strong> klicken, erkl\u00e4ren Sie sich damit einverstanden, dass wir die Kategorien von Cookies und Erweiterungen verwenden, die Sie im Pop-up-Fenster ausgew\u00e4hlt haben, wie in dieser Cookie-Richtlinie beschrieben. Sie k\u00f6nnen die Verwendung von Cookies \u00fcber die Einstellungen Ihres Browsers deaktivieren; bitte beachten Sie jedoch, dass die Website dann m\u00f6glicherweise nicht mehr ordnungsgem\u00e4\u00df funktioniert.<\/p>\n<h2>8. Ihre Rechte in Bezug auf personenbezogene Daten<\/h2>\n<p>Sie haben in Bezug auf Ihre personenbezogenen Daten folgende Rechte:<\/p>\n<ul>\n<li>Zu erfahren, warum Ihre Daten ben\u00f6tigt werden, was mit ihnen geschieht und wie lange sie gespeichert werden.<\/li>\n<li>Recht auf Auskunft: Kenntnis der personenbezogenen Daten, die wir \u00fcber Sie gespeichert haben.<\/li>\n<li>Recht auf Berichtigung: Berichtigung, Erg\u00e4nzung, L\u00f6schung oder Sperrung Ihrer personenbezogenen Daten jederzeit.<\/li>\n<li>Recht auf Widerruf der Einwilligung: Widerruf Ihrer Einwilligung zur Datenverarbeitung und Antrag auf L\u00f6schung der Daten.<\/li>\n<li>Recht auf Daten\u00fcbertragbarkeit: Anforderung s\u00e4mtlicher personenbezogener Daten und deren vollst\u00e4ndige \u00dcbertragung an einen anderen Verantwortlichen.<\/li>\n<li>Widerspruchsrecht: Widerspruch gegen die Verarbeitung Ihrer Daten. Dem werden wir nachkommen, sofern keine berechtigten Gr\u00fcnde f\u00fcr die Fortf\u00fchrung der Verarbeitung bestehen.<\/li>\n<\/ul>\n<p>Zur Aus\u00fcbung dieser Rechte kontaktieren Sie uns bitte \u00fcber die am Ende dieser Cookie-Richtlinie angegebenen Kontaktdaten. Sie k\u00f6nnen au\u00dferdem eine Beschwerde bei der Spanischen Datenschutzbeh\u00f6rde (AEPD) einreichen.<\/p>\n<h2>9. Aktivierung, Deaktivierung und L\u00f6schung von Cookies<\/h2>\n<p data-start=\"1803\" data-end=\"2236\">Sie k\u00f6nnen Ihren Internetbrowser so einstellen, dass Cookies automatisch oder manuell gel\u00f6scht werden. Sie k\u00f6nnen auch festlegen, dass bestimmte Cookies nicht gesetzt werden d\u00fcrfen. Eine weitere M\u00f6glichkeit besteht darin, die Einstellungen Ihres Browsers so zu \u00e4ndern, dass Sie jedes Mal benachrichtigt werden, wenn ein Cookie installiert wird. Weitere Informationen zu diesen Optionen finden Sie im <strong data-start=\"2203\" data-end=\"2212\">Hilfe<\/strong>-Bereich Ihres Browsers.<\/p>\n<p data-start=\"2238\" data-end=\"2502\">Bitte beachten Sie, dass unsere Website m\u00f6glicherweise nicht ordnungsgem\u00e4\u00df funktioniert, wenn Sie alle Cookies deaktivieren. Wenn Sie Cookies aus Ihrem Browser l\u00f6schen, werden diese nach Ihrer Einwilligung erneut gesetzt, sobald Sie unsere Website wieder besuchen.<\/p>\n<h2>10. Kontaktdaten<\/h2>\n<p>Bei Fragen und\/oder Anmerkungen zu unserer Cookie-Richtlinie und dieser Erkl\u00e4rung kontaktieren Sie uns bitte unter folgenden Angaben:<\/p>\n<ul>\n<li><strong data-start=\"2666\" data-end=\"2681\">Firmenname:<\/strong> Spanische Vereinigung der Keramikst\u00e4dte (Asociaci\u00f3n Espa\u00f1ola de Ciudades de la Cer\u00e1mica \u2013 AeCC)<\/li>\n<li><strong data-start=\"2780\" data-end=\"2803\">Steuernummer (CIF):<\/strong> G64767775<\/li>\n<li><strong data-start=\"2816\" data-end=\"2825\">Sitz:<\/strong> Calle Ram\u00f3n Par, Nummer 1, 08310, Argentona (Barcelona), Spanien<\/li>\n<\/ul>\n<\/div>\n<\/div><\/div><\/div><\/div><\/div>\n","protected":false},"excerpt":{"rendered":"","protected":false},"author":2,"featured_media":0,"parent":0,"menu_order":0,"comment_status":"closed","ping_status":"closed","template":"100-width.php","meta":{"footnotes":""},"class_list":["post-2644","page","type-page","status-publish","hentry"],"yoast_head":"<!-- This site is optimized with the Yoast SEO plugin v26.0 - https:\/\/yoast.com\/wordpress\/plugins\/seo\/ -->\n<title>Cookie-Richtlinie - ARTERRA<\/title>\n<meta name=\"robots\" content=\"index, follow, max-snippet:-1, max-image-preview:large, max-video-preview:-1\" \/>\n<link rel=\"canonical\" href=\"https:\/\/arterraceramica.com\/de\/cookie-richtlinie\/\" \/>\n<meta property=\"og:locale\" content=\"de_DE\" \/>\n<meta property=\"og:type\" content=\"article\" \/>\n<meta property=\"og:title\" content=\"Cookie-Richtlinie - ARTERRA\" \/>\n<meta property=\"og:url\" content=\"https:\/\/arterraceramica.com\/de\/cookie-richtlinie\/\" \/>\n<meta property=\"og:site_name\" content=\"ARTERRA\" \/>\n<meta property=\"article:publisher\" content=\"https:\/\/www.facebook.com\/arterra_ceramica\/\" \/>\n<meta property=\"article:modified_time\" content=\"2026-01-08T12:48:23+00:00\" \/>\n<meta property=\"og:image\" content=\"https:\/\/arterraceramica.com\/wp-content\/uploads\/2025\/09\/logo-arterra-header-web.png\" \/>\n\t<meta property=\"og:image:width\" content=\"1485\" \/>\n\t<meta property=\"og:image:height\" content=\"365\" \/>\n\t<meta property=\"og:image:type\" content=\"image\/png\" \/>\n<meta name=\"twitter:card\" content=\"summary_large_image\" \/>\n<meta name=\"twitter:label1\" content=\"Gesch\u00e4tzte Lesezeit\" \/>\n\t<meta name=\"twitter:data1\" content=\"4\u00a0Minuten\" \/>\n<script type=\"application\/ld+json\" class=\"yoast-schema-graph\">{\"@context\":\"https:\/\/schema.org\",\"@graph\":[{\"@type\":\"WebPage\",\"@id\":\"https:\/\/arterraceramica.com\/de\/cookie-richtlinie\/\",\"url\":\"https:\/\/arterraceramica.com\/de\/cookie-richtlinie\/\",\"name\":\"Cookie-Richtlinie - ARTERRA\",\"isPartOf\":{\"@id\":\"https:\/\/arterraceramica.com\/#website\"},\"datePublished\":\"2025-09-30T10:27:27+00:00\",\"dateModified\":\"2026-01-08T12:48:23+00:00\",\"breadcrumb\":{\"@id\":\"https:\/\/arterraceramica.com\/de\/cookie-richtlinie\/#breadcrumb\"},\"inLanguage\":\"de\",\"potentialAction\":[{\"@type\":\"ReadAction\",\"target\":[\"https:\/\/arterraceramica.com\/de\/cookie-richtlinie\/\"]}]},{\"@type\":\"BreadcrumbList\",\"@id\":\"https:\/\/arterraceramica.com\/de\/cookie-richtlinie\/#breadcrumb\",\"itemListElement\":[{\"@type\":\"ListItem\",\"position\":1,\"name\":\"Portada\",\"item\":\"https:\/\/arterraceramica.com\/de\/\"},{\"@type\":\"ListItem\",\"position\":2,\"name\":\"Cookie-Richtlinie\"}]},{\"@type\":\"WebSite\",\"@id\":\"https:\/\/arterraceramica.com\/#website\",\"url\":\"https:\/\/arterraceramica.com\/\",\"name\":\"ARTERRA\",\"description\":\"Lugares donde la tierra cobra vida\",\"publisher\":{\"@id\":\"https:\/\/arterraceramica.com\/#organization\"},\"alternateName\":\"Lugares donde la tierra cobra vida\",\"potentialAction\":[{\"@type\":\"SearchAction\",\"target\":{\"@type\":\"EntryPoint\",\"urlTemplate\":\"https:\/\/arterraceramica.com\/?s={search_term_string}\"},\"query-input\":{\"@type\":\"PropertyValueSpecification\",\"valueRequired\":true,\"valueName\":\"search_term_string\"}}],\"inLanguage\":\"de\"},{\"@type\":\"Organization\",\"@id\":\"https:\/\/arterraceramica.com\/#organization\",\"name\":\"ARTERRA\",\"alternateName\":\"Lugares donde la tierra cobra vida\",\"url\":\"https:\/\/arterraceramica.com\/\",\"logo\":{\"@type\":\"ImageObject\",\"inLanguage\":\"de\",\"@id\":\"https:\/\/arterraceramica.com\/#\/schema\/logo\/image\/\",\"url\":\"https:\/\/arterraceramica.com\/wp-content\/uploads\/2025\/09\/logo-arterra-header-web.png\",\"contentUrl\":\"https:\/\/arterraceramica.com\/wp-content\/uploads\/2025\/09\/logo-arterra-header-web.png\",\"width\":1485,\"height\":365,\"caption\":\"ARTERRA\"},\"image\":{\"@id\":\"https:\/\/arterraceramica.com\/#\/schema\/logo\/image\/\"},\"sameAs\":[\"https:\/\/www.facebook.com\/arterra_ceramica\/\",\"https:\/\/www.instagram.com\/arterra_ceramica\"]}]}<\/script>\n<!-- \/ Yoast SEO plugin. -->","yoast_head_json":{"title":"Cookie-Richtlinie - ARTERRA","robots":{"index":"index","follow":"follow","max-snippet":"max-snippet:-1","max-image-preview":"max-image-preview:large","max-video-preview":"max-video-preview:-1"},"canonical":"https:\/\/arterraceramica.com\/de\/cookie-richtlinie\/","og_locale":"de_DE","og_type":"article","og_title":"Cookie-Richtlinie - ARTERRA","og_url":"https:\/\/arterraceramica.com\/de\/cookie-richtlinie\/","og_site_name":"ARTERRA","article_publisher":"https:\/\/www.facebook.com\/arterra_ceramica\/","article_modified_time":"2026-01-08T12:48:23+00:00","og_image":[{"width":1485,"height":365,"url":"https:\/\/arterraceramica.com\/wp-content\/uploads\/2025\/09\/logo-arterra-header-web.png","type":"image\/png"}],"twitter_card":"summary_large_image","twitter_misc":{"Gesch\u00e4tzte Lesezeit":"4\u00a0Minuten"},"schema":{"@context":"https:\/\/schema.org","@graph":[{"@type":"WebPage","@id":"https:\/\/arterraceramica.com\/de\/cookie-richtlinie\/","url":"https:\/\/arterraceramica.com\/de\/cookie-richtlinie\/","name":"Cookie-Richtlinie - ARTERRA","isPartOf":{"@id":"https:\/\/arterraceramica.com\/#website"},"datePublished":"2025-09-30T10:27:27+00:00","dateModified":"2026-01-08T12:48:23+00:00","breadcrumb":{"@id":"https:\/\/arterraceramica.com\/de\/cookie-richtlinie\/#breadcrumb"},"inLanguage":"de","potentialAction":[{"@type":"ReadAction","target":["https:\/\/arterraceramica.com\/de\/cookie-richtlinie\/"]}]},{"@type":"BreadcrumbList","@id":"https:\/\/arterraceramica.com\/de\/cookie-richtlinie\/#breadcrumb","itemListElement":[{"@type":"ListItem","position":1,"name":"Portada","item":"https:\/\/arterraceramica.com\/de\/"},{"@type":"ListItem","position":2,"name":"Cookie-Richtlinie"}]},{"@type":"WebSite","@id":"https:\/\/arterraceramica.com\/#website","url":"https:\/\/arterraceramica.com\/","name":"ARTERRA","description":"Lugares donde la tierra cobra vida","publisher":{"@id":"https:\/\/arterraceramica.com\/#organization"},"alternateName":"Lugares donde la tierra cobra vida","potentialAction":[{"@type":"SearchAction","target":{"@type":"EntryPoint","urlTemplate":"https:\/\/arterraceramica.com\/?s={search_term_string}"},"query-input":{"@type":"PropertyValueSpecification","valueRequired":true,"valueName":"search_term_string"}}],"inLanguage":"de"},{"@type":"Organization","@id":"https:\/\/arterraceramica.com\/#organization","name":"ARTERRA","alternateName":"Lugares donde la tierra cobra vida","url":"https:\/\/arterraceramica.com\/","logo":{"@type":"ImageObject","inLanguage":"de","@id":"https:\/\/arterraceramica.com\/#\/schema\/logo\/image\/","url":"https:\/\/arterraceramica.com\/wp-content\/uploads\/2025\/09\/logo-arterra-header-web.png","contentUrl":"https:\/\/arterraceramica.com\/wp-content\/uploads\/2025\/09\/logo-arterra-header-web.png","width":1485,"height":365,"caption":"ARTERRA"},"image":{"@id":"https:\/\/arterraceramica.com\/#\/schema\/logo\/image\/"},"sameAs":["https:\/\/www.facebook.com\/arterra_ceramica\/","https:\/\/www.instagram.com\/arterra_ceramica"]}]}},"_links":{"self":[{"href":"https:\/\/arterraceramica.com\/de\/wp-json\/wp\/v2\/pages\/2644","targetHints":{"allow":["GET"]}}],"collection":[{"href":"https:\/\/arterraceramica.com\/de\/wp-json\/wp\/v2\/pages"}],"about":[{"href":"https:\/\/arterraceramica.com\/de\/wp-json\/wp\/v2\/types\/page"}],"author":[{"embeddable":true,"href":"https:\/\/arterraceramica.com\/de\/wp-json\/wp\/v2\/users\/2"}],"replies":[{"embeddable":true,"href":"https:\/\/arterraceramica.com\/de\/wp-json\/wp\/v2\/comments?post=2644"}],"version-history":[{"count":2,"href":"https:\/\/arterraceramica.com\/de\/wp-json\/wp\/v2\/pages\/2644\/revisions"}],"predecessor-version":[{"id":3436,"href":"https:\/\/arterraceramica.com\/de\/wp-json\/wp\/v2\/pages\/2644\/revisions\/3436"}],"wp:attachment":[{"href":"https:\/\/arterraceramica.com\/de\/wp-json\/wp\/v2\/media?parent=2644"}],"curies":[{"name":"wp","href":"https:\/\/api.w.org\/{rel}","templated":true}]}}