{"id":2541,"date":"2025-09-30T12:21:26","date_gmt":"2025-09-30T10:21:26","guid":{"rendered":"https:\/\/arterraceramica.com\/?page_id=2541"},"modified":"2026-01-08T13:43:51","modified_gmt":"2026-01-08T12:43:51","slug":"avis-juridique","status":"publish","type":"page","link":"https:\/\/arterraceramica.com\/fr\/avis-juridique\/","title":{"rendered":"Avis juridique"},"content":{"rendered":"<div class=\"fusion-fullwidth fullwidth-box fusion-builder-row-1 fusion-flex-container has-pattern-background has-mask-background nonhundred-percent-fullwidth non-hundred-percent-height-scrolling\" style=\"--awb-border-radius-top-left:0px;--awb-border-radius-top-right:0px;--awb-border-radius-bottom-right:0px;--awb-border-radius-bottom-left:0px;--awb-flex-wrap:wrap;\" ><div class=\"fusion-builder-row fusion-row fusion-flex-align-items-flex-start fusion-flex-content-wrap\" style=\"max-width:1248px;margin-left: calc(-4% \/ 2 );margin-right: calc(-4% \/ 2 );\"><div class=\"fusion-layout-column fusion_builder_column fusion-builder-column-0 fusion_builder_column_1_1 1_1 fusion-flex-column\" style=\"--awb-bg-size:cover;--awb-width-large:100%;--awb-margin-top-large:0px;--awb-spacing-right-large:1.92%;--awb-margin-bottom-large:20px;--awb-spacing-left-large:1.92%;--awb-width-medium:100%;--awb-order-medium:0;--awb-spacing-right-medium:1.92%;--awb-spacing-left-medium:1.92%;--awb-width-small:100%;--awb-order-small:0;--awb-spacing-right-small:1.92%;--awb-spacing-left-small:1.92%;\"><div class=\"fusion-column-wrapper fusion-column-has-shadow fusion-flex-justify-content-flex-start fusion-content-layout-column\"><div class=\"fusion-text fusion-text-1\"><div class=\"legal-pages\">\n<h1>Avis juridique<\/h1>\n<p>Conform\u00e9ment au devoir d\u2019information \u00e9tabli \u00e0 l\u2019article 10 de la Loi 34\/2002, du 11 juillet, relative aux services de la <strong>soci\u00e9t\u00e9 de l\u2019information et au commerce \u00e9lectronique (LSSI-CE)<\/strong>, les utilisateurs sont inform\u00e9s des donn\u00e9es suivantes :<\/p>\n<ul>\n<li><strong data-start=\"261\" data-end=\"287\">D\u00e9nomination sociale :<\/strong> Association Espagnole des Villes de la C\u00e9ramique (AeCC)<\/li>\n<li><strong data-start=\"346\" data-end=\"389\" data-is-only-node=\"\">Num\u00e9ro d\u2019identification fiscale (CIF) :<\/strong> G64767775<\/li>\n<li><strong data-start=\"402\" data-end=\"420\">Si\u00e8ge social :<\/strong> Calle Ram\u00f3n Par, num\u00e9ro 1, 08310, Argentona (Barcelone), Espagne<\/li>\n<li><strong>Site web:<\/strong> https:\/\/arterraceramica.com\/<\/li>\n<\/ul>\n<h2>1. Objet<\/h2>\n<p data-start=\"14\" data-end=\"386\">L\u2019<strong>Association Espagnole des Villes de la C\u00e9ramique (AeCC)<\/strong> (ci-apr\u00e8s, le prestataire), en tant que responsable du site web <a class=\"decorated-link cursor-pointer\" target=\"_new\" rel=\"noopener\" data-start=\"136\" data-end=\"161\">www.arterraceramica.com<\/a>, met \u00e0 la disposition des utilisateurs le pr\u00e9sent document qui r\u00e9git son utilisation, afin de se conformer aux obligations \u00e9tablies par la LSSI-CE et d\u2019informer tous les utilisateurs des conditions d\u2019utilisation du site web.<\/p>\n<p data-start=\"388\" data-end=\"666\">Par l\u2019interm\u00e9diaire de ce site web, le prestataire facilite aux utilisateurs l\u2019acc\u00e8s \u00e0 des informations, des activit\u00e9s et des ressources li\u00e9es \u00e0 la c\u00e9ramique, ainsi que la possibilit\u00e9 de s\u2019inscrire \u00e0 des cours gratuits ou \u00e0 d\u2019autres activit\u00e9s de diffusion et de sensibilisation.<\/p>\n<p data-start=\"668\" data-end=\"942\">Toute personne acc\u00e9dant \u00e0 ce site web assume la qualit\u00e9 d\u2019utilisateur (ci-apr\u00e8s, l\u2019utilisateur), ce qui implique l\u2019acceptation pleine et sans r\u00e9serve de chacune des dispositions incluses dans le pr\u00e9sent Avis juridique, ainsi que de toute autre disposition l\u00e9gale applicable.<\/p>\n<p data-start=\"944\" data-end=\"1186\" data-is-last-node=\"\" data-is-only-node=\"\">Le prestataire se r\u00e9serve le droit de modifier tout type d\u2019information pouvant appara\u00eetre sur le site web, sans obligation de pr\u00e9avis ni d\u2019information pr\u00e9alable aux utilisateurs, la publication sur le site web du prestataire \u00e9tant suffisante.<\/p>\n<h2>2. Conditions d\u2019acc\u00e8s et d\u2019utilisation du site web<\/h2>\n<h3>2.1. Conditions d\u2019acc\u00e8s et d\u2019utilisation du site web<\/h3>\n<p data-start=\"56\" data-end=\"290\">Toutes les informations fournies par l\u2019utilisateur doivent \u00eatre exactes. \u00c0 cet effet, l\u2019utilisateur garantit l\u2019authenticit\u00e9 des donn\u00e9es communiqu\u00e9es via les formulaires d\u2019inscription ou de contact.<\/p>\n<p data-start=\"292\" data-end=\"648\">Il incombe \u00e0 l\u2019utilisateur de maintenir en permanence \u00e0 jour toutes les informations fournies au prestataire afin qu\u2019elles correspondent, \u00e0 tout moment, \u00e0 sa situation r\u00e9elle. En tout \u00e9tat de cause, l\u2019utilisateur sera seul responsable des d\u00e9clarations fausses ou inexactes qu\u2019il effectue et des dommages qu\u2019il pourrait causer au prestataire ou \u00e0 des tiers.<\/p>\n<h3>2.2. Mineurs<\/h3>\n<p data-start=\"650\" data-end=\"955\">Pour l\u2019utilisation des services propos\u00e9s sur ce site web, les mineurs doivent toujours disposer du consentement pr\u00e9alable de leurs parents, tuteurs ou repr\u00e9sentants l\u00e9gaux, lesquels sont en dernier ressort responsables de tous les actes accomplis par les mineurs dont ils ont la charge.<\/p>\n<p data-start=\"957\" data-end=\"1301\">Il appartient aux repr\u00e9sentants l\u00e9gaux de d\u00e9terminer les contenus sp\u00e9cifiques auxquels les mineurs peuvent acc\u00e9der. \u00c0 cet effet, si des contenus inappropri\u00e9s sont accessibles via Internet, des m\u00e9canismes devront \u00eatre install\u00e9s sur leurs ordinateurs \u2014 notamment des logiciels de filtrage et de blocage \u2014 afin de limiter les contenus disponibles.<\/p>\n<h3>2.3. Obligation d\u2019utilisation correcte du site web<\/h3>\n<p data-start=\"1303\" data-end=\"1858\">L\u2019utilisateur s\u2019engage \u00e0 utiliser le site web conform\u00e9ment \u00e0 la loi, au pr\u00e9sent Avis juridique, \u00e0 la morale et aux bonnes m\u0153urs. \u00c0 cet effet, l\u2019utilisateur s\u2019abstiendra d\u2019utiliser le site \u00e0 des fins illicites ou interdites, portant atteinte aux droits et int\u00e9r\u00eats de tiers, ou susceptibles de nuire, d\u2019endommager, de surcharger, de d\u00e9t\u00e9riorer ou d\u2019emp\u00eacher l\u2019utilisation normale des \u00e9quipements informatiques, documents, fichiers et contenus stock\u00e9s sur tout \u00e9quipement informatique du prestataire.<\/p>\n<p data-start=\"1860\" data-end=\"1984\">\u00c0 titre indicatif et non limitatif, l\u2019utilisateur s\u2019engage \u00e0 ne pas transmettre, diffuser ou mettre \u00e0 disposition de tiers :<\/p>\n<ul>\n<li>Des contenus contraires, m\u00e9prisants ou portant atteinte aux droits fondamentaux et aux libert\u00e9s publiques reconnus par la Constitution, les trait\u00e9s internationaux ou l\u2019ensemble de l\u2019ordre juridique.<\/li>\n<li>Des contenus incitant, encourageant ou promouvant des actes d\u00e9lictueux, diffamatoires, d\u00e9nigrants, violents ou, de mani\u00e8re g\u00e9n\u00e9rale, contraires \u00e0 la loi, \u00e0 la morale et \u00e0 l\u2019ordre public.<\/li>\n<li>Des contenus, attitudes ou id\u00e9es discriminatoires fond\u00e9s sur le sexe, la race, la religion, les croyances, l\u2019\u00e2ge ou la condition.<\/li>\n<li>Des contenus contraires au droit \u00e0 l\u2019honneur, \u00e0 l\u2019intimit\u00e9 personnelle ou familiale ou au droit \u00e0 l\u2019image.<\/li>\n<li>Des contenus portant atteinte, de quelque mani\u00e8re que ce soit, \u00e0 la cr\u00e9dibilit\u00e9 du prestataire ou de tiers.<\/li>\n<li>Des contenus constituant une publicit\u00e9 illicite, trompeuse ou d\u00e9loyale.<\/li>\n<\/ul>\n<h2>3. Exclusion de garanties et de responsabilit\u00e9<\/h2>\n<p data-start=\"2864\" data-end=\"3049\">Le prestataire d\u00e9cline toute responsabilit\u00e9 d\u00e9coulant des informations publi\u00e9es sur le site web lorsque celles-ci ont \u00e9t\u00e9 manipul\u00e9es ou introduites par un tiers \u00e9tranger au prestataire.<\/p>\n<p data-start=\"3051\" data-end=\"3319\">Ce site web a \u00e9t\u00e9 r\u00e9vis\u00e9 et test\u00e9 afin d\u2019en assurer le bon fonctionnement. Toutefois, le prestataire n\u2019exclut pas la possibilit\u00e9 d\u2019erreurs de programmation, d\u2019interruptions ponctuelles du service ou d\u2019autres cas de force majeure rendant l\u2019acc\u00e8s au site web impossible.<\/p>\n<p data-start=\"3321\" data-end=\"3475\">Le prestataire n\u2019accorde aucune garantie et ne saurait en aucun cas \u00eatre tenu responsable des dommages et pr\u00e9judices de toute nature pouvant d\u00e9couler de :<\/p>\n<ul>\n<li>L\u2019indisponibilit\u00e9, le d\u00e9faut de maintenance ou le mauvais fonctionnement du site web ou de ses services et contenus.<\/li>\n<li>La pr\u00e9sence de virus, de logiciels malveillants ou nuisibles dans les contenus.<\/li>\n<li>L\u2019utilisation illicite, n\u00e9gligente, frauduleuse ou contraire au pr\u00e9sent Avis juridique.<\/li>\n<li>Le manque de l\u00e9galit\u00e9, de qualit\u00e9, de fiabilit\u00e9, d\u2019utilit\u00e9 ou de disponibilit\u00e9 des services fournis par des tiers via le site web.<\/li>\n<\/ul>\n<h2>4. Cookies<\/h2>\n<p>Le site web du prestataire peut utiliser des cookies (de petits fichiers d\u2019information que le serveur envoie \u00e0 l\u2019ordinateur de l\u2019utilisateur) afin d\u2019assurer certaines fonctions consid\u00e9r\u00e9es comme indispensables au bon fonctionnement et \u00e0 l\u2019affichage correct du site.<\/p>\n<p>Les cookies utilis\u00e9s auront, dans tous les cas, un caract\u00e8re temporaire, dans le seul but de rendre la navigation plus efficace, et dispara\u00eetront \u00e0 la fin de la session de l\u2019utilisateur. En aucun cas, des cookies ne seront utilis\u00e9s pour collecter des informations \u00e0 caract\u00e8re personnel.<\/p>\n<p>Pour plus d\u2019informations, veuillez consulter notre Politique de cookies.<\/p>\n<h2>5. Liens (Links)<\/h2>\n<p data-start=\"650\" data-end=\"940\">Depuis le site web, il est possible d\u2019\u00eatre redirig\u00e9 vers des contenus de tiers. \u00c9tant donn\u00e9 que le prestataire ne peut pas toujours contr\u00f4ler les contenus introduits par des tiers sur leurs sites web respectifs, il n\u2019assume aucune responsabilit\u00e9 quant \u00e0 ces contenus.<\/p>\n<p data-start=\"942\" data-end=\"1243\">Toutefois, le prestataire s\u2019engage \u00e0 retirer imm\u00e9diatement tout contenu susceptible de contrevenir \u00e0 la l\u00e9gislation nationale ou internationale, \u00e0 la morale ou \u00e0 l\u2019ordre public, en proc\u00e9dant \u00e0 la suppression imm\u00e9diate de la redirection vers ledit site web et en en informant les autorit\u00e9s comp\u00e9tentes.<\/p>\n<p data-start=\"1245\" data-end=\"1482\">Le prestataire ne saurait \u00eatre tenu responsable des informations et contenus stock\u00e9s dans des forums, chats, blogs, commentaires, r\u00e9seaux sociaux ou tout autre moyen permettant \u00e0 des tiers de publier des contenus de mani\u00e8re ind\u00e9pendante.<\/p>\n<p data-start=\"1484\" data-end=\"1891\">N\u00e9anmoins, et conform\u00e9ment aux dispositions des articles 11 et 16 de la LSSI-CE, le prestataire se tient \u00e0 la disposition de tous les utilisateurs, autorit\u00e9s et forces de s\u00e9curit\u00e9, en collaborant activement au retrait ou, le cas \u00e9ch\u00e9ant, au blocage de tout contenu susceptible d\u2019affecter ou de contrevenir \u00e0 la l\u00e9gislation nationale ou internationale, aux droits de tiers ou \u00e0 la morale et \u00e0 l\u2019ordre public.<\/p>\n<p data-start=\"1893\" data-end=\"2077\">Si un utilisateur estime qu\u2019un contenu pr\u00e9sent sur le site web est susceptible de relever de cette classification, il est pri\u00e9 d\u2019en informer imm\u00e9diatement l\u2019administrateur du site web.<\/p>\n<h2>6. Protection des donn\u00e9es personnelles<\/h2>\n<p>Le prestataire est profond\u00e9ment engag\u00e9 dans le respect de la r\u00e9glementation en mati\u00e8re de protection des donn\u00e9es personnelles et garantit le respect int\u00e9gral des obligations pr\u00e9vues, ainsi que la mise en \u0153uvre des mesures de s\u00e9curit\u00e9 exig\u00e9es par le <strong>R\u00e8glement (UE) 2016\/679 (RGPD)<\/strong> et par la r\u00e9glementation espagnole en mati\u00e8re de protection des donn\u00e9es.<\/p>\n<p>Pour plus d\u2019informations, veuillez consulter notre Politique de confidentialit\u00e9.<\/p>\n<h2>7. R\u00e9seaux sociaux<\/h2>\n<p>Le prestataire peut \u00eatre pr\u00e9sent sur les r\u00e9seaux sociaux. Le traitement des donn\u00e9es que les utilisateurs y incluent \u2014 en suivant le prestataire, en interagissant ou en \u00e9tablissant des liens \u2014 sera r\u00e9gi par les conditions d\u2019utilisation, les politiques de confidentialit\u00e9 et les r\u00e8gles d\u2019acc\u00e8s propres \u00e0 chaque r\u00e9seau social, pr\u00e9alablement accept\u00e9es par l\u2019utilisateur.<\/p>\n<p>Le prestataire traitera les donn\u00e9es afin d\u2019informer sur des activit\u00e9s, des cours ou des services li\u00e9s \u00e0 l\u2019Association, mais ne saurait \u00eatre tenu responsable des politiques de confidentialit\u00e9 de ces plateformes.<\/p>\n<p>La publication de contenus illicites, portant atteinte aux droits fondamentaux, offensants ou contraires aux principes de l\u00e9galit\u00e9, d\u2019honn\u00eatet\u00e9, de responsabilit\u00e9, de dignit\u00e9 humaine, de protection des mineurs, d\u2019ordre public, de vie priv\u00e9e, de protection des consommateurs ou aux droits de propri\u00e9t\u00e9 intellectuelle et industrielle est strictement interdite. Le prestataire se r\u00e9serve le droit de retirer, sans pr\u00e9avis, tout contenu jug\u00e9 inappropri\u00e9.<\/p>\n<h2>8. Propri\u00e9t\u00e9 intellectuelle et industrielle<\/h2>\n<p>Le site web, y compris \u00e0 titre indicatif mais non limitatif : la programmation, l\u2019\u00e9dition, la compilation et tout autre \u00e9l\u00e9ment n\u00e9cessaire \u00e0 son fonctionnement, ainsi que les designs, logos, textes, photographies et\/ou graphiques, est la propri\u00e9t\u00e9 du prestataire ou fait l\u2019objet d\u2019une licence ou d\u2019une autorisation expresse de la part des auteurs concern\u00e9s.<\/p>\n<p>L\u2019ensemble des contenus du site web est d\u00fbment prot\u00e9g\u00e9 par la l\u00e9gislation en vigueur en mati\u00e8re de propri\u00e9t\u00e9 intellectuelle et industrielle.<\/p>\n<p>Quelle que soit la finalit\u00e9 poursuivie, toute reproduction totale ou partielle, utilisation, distribution ou communication publique n\u00e9cessite l\u2019autorisation \u00e9crite pr\u00e9alable du prestataire.<\/p>\n<p>Les designs, logos, textes et\/ou graphiques appartenant \u00e0 des tiers pouvant appara\u00eetre sur le site web demeurent la propri\u00e9t\u00e9 de leurs titulaires respectifs, lesquels seront responsables de toute \u00e9ventuelle controverse pouvant survenir \u00e0 leur sujet.<\/p>\n<p>Le prestataire reconna\u00eet les droits de propri\u00e9t\u00e9 intellectuelle et industrielle au b\u00e9n\u00e9fice de leurs titulaires respectifs, la simple mention ou apparition de ces \u00e9l\u00e9ments sur le site web n\u2019impliquant ni l\u2019existence de droits ou de responsabilit\u00e9 de la part du prestataire, ni un quelconque soutien, parrainage ou recommandation.<\/p>\n<p>Pour toute observation relative \u00e0 un \u00e9ventuel manquement aux droits de propri\u00e9t\u00e9 intellectuelle ou industrielle, vous pouvez contacter le prestataire via l\u2019adresse \u00e9lectronique indiqu\u00e9e ci-dessus.<\/p>\n<h2>9. L\u00e9gislation applicable et juridiction<\/h2>\n<p data-start=\"2579\" data-end=\"2783\">Pour la r\u00e9solution de tout litige ou question relative au pr\u00e9sent site web ou aux activit\u00e9s qui y sont d\u00e9velopp\u00e9es, la l\u00e9gislation espagnole sera applicable.<\/p>\n<p data-start=\"2785\" data-end=\"2931\" data-is-last-node=\"\" data-is-only-node=\"\">Les parties se soumettent express\u00e9ment aux <strong>Tribunaux et Cours de Barcelone<\/strong>, renon\u00e7ant \u00e0 toute autre juridiction qui pourrait leur \u00eatre applicable.<\/p>\n<\/div>\n<\/div><\/div><\/div><\/div><\/div>\n","protected":false},"excerpt":{"rendered":"","protected":false},"author":2,"featured_media":0,"parent":0,"menu_order":0,"comment_status":"closed","ping_status":"closed","template":"100-width.php","meta":{"footnotes":""},"class_list":["post-2541","page","type-page","status-publish","hentry"],"yoast_head":"<!-- This site is optimized with the Yoast SEO plugin v26.0 - https:\/\/yoast.com\/wordpress\/plugins\/seo\/ -->\n<title>Avis juridique - ARTERRA<\/title>\n<meta name=\"robots\" content=\"index, follow, max-snippet:-1, max-image-preview:large, max-video-preview:-1\" \/>\n<link rel=\"canonical\" href=\"https:\/\/arterraceramica.com\/fr\/avis-juridique\/\" \/>\n<meta property=\"og:locale\" content=\"fr_FR\" \/>\n<meta property=\"og:type\" content=\"article\" \/>\n<meta property=\"og:title\" content=\"Avis juridique - ARTERRA\" \/>\n<meta property=\"og:url\" content=\"https:\/\/arterraceramica.com\/fr\/avis-juridique\/\" \/>\n<meta property=\"og:site_name\" content=\"ARTERRA\" \/>\n<meta property=\"article:publisher\" content=\"https:\/\/www.facebook.com\/arterra_ceramica\/\" \/>\n<meta property=\"article:modified_time\" content=\"2026-01-08T12:43:51+00:00\" \/>\n<meta property=\"og:image\" content=\"https:\/\/arterraceramica.com\/wp-content\/uploads\/2025\/09\/logo-arterra-header-web.png\" \/>\n\t<meta property=\"og:image:width\" content=\"1485\" \/>\n\t<meta property=\"og:image:height\" content=\"365\" \/>\n\t<meta property=\"og:image:type\" content=\"image\/png\" \/>\n<meta name=\"twitter:card\" content=\"summary_large_image\" \/>\n<meta name=\"twitter:label1\" content=\"Dur\u00e9e de lecture estim\u00e9e\" \/>\n\t<meta name=\"twitter:data1\" content=\"8 minutes\" \/>\n<script type=\"application\/ld+json\" class=\"yoast-schema-graph\">{\"@context\":\"https:\/\/schema.org\",\"@graph\":[{\"@type\":\"WebPage\",\"@id\":\"https:\/\/arterraceramica.com\/fr\/avis-juridique\/\",\"url\":\"https:\/\/arterraceramica.com\/fr\/avis-juridique\/\",\"name\":\"Avis juridique - ARTERRA\",\"isPartOf\":{\"@id\":\"https:\/\/arterraceramica.com\/#website\"},\"datePublished\":\"2025-09-30T10:21:26+00:00\",\"dateModified\":\"2026-01-08T12:43:51+00:00\",\"breadcrumb\":{\"@id\":\"https:\/\/arterraceramica.com\/fr\/avis-juridique\/#breadcrumb\"},\"inLanguage\":\"fr-FR\",\"potentialAction\":[{\"@type\":\"ReadAction\",\"target\":[\"https:\/\/arterraceramica.com\/fr\/avis-juridique\/\"]}]},{\"@type\":\"BreadcrumbList\",\"@id\":\"https:\/\/arterraceramica.com\/fr\/avis-juridique\/#breadcrumb\",\"itemListElement\":[{\"@type\":\"ListItem\",\"position\":1,\"name\":\"Portada\",\"item\":\"https:\/\/arterraceramica.com\/fr\/\"},{\"@type\":\"ListItem\",\"position\":2,\"name\":\"Avis juridique\"}]},{\"@type\":\"WebSite\",\"@id\":\"https:\/\/arterraceramica.com\/#website\",\"url\":\"https:\/\/arterraceramica.com\/\",\"name\":\"ARTERRA\",\"description\":\"Lugares donde la tierra cobra vida\",\"publisher\":{\"@id\":\"https:\/\/arterraceramica.com\/#organization\"},\"alternateName\":\"Lugares donde la tierra cobra vida\",\"potentialAction\":[{\"@type\":\"SearchAction\",\"target\":{\"@type\":\"EntryPoint\",\"urlTemplate\":\"https:\/\/arterraceramica.com\/?s={search_term_string}\"},\"query-input\":{\"@type\":\"PropertyValueSpecification\",\"valueRequired\":true,\"valueName\":\"search_term_string\"}}],\"inLanguage\":\"fr-FR\"},{\"@type\":\"Organization\",\"@id\":\"https:\/\/arterraceramica.com\/#organization\",\"name\":\"ARTERRA\",\"alternateName\":\"Lugares donde la tierra cobra vida\",\"url\":\"https:\/\/arterraceramica.com\/\",\"logo\":{\"@type\":\"ImageObject\",\"inLanguage\":\"fr-FR\",\"@id\":\"https:\/\/arterraceramica.com\/#\/schema\/logo\/image\/\",\"url\":\"https:\/\/arterraceramica.com\/wp-content\/uploads\/2025\/09\/logo-arterra-header-web.png\",\"contentUrl\":\"https:\/\/arterraceramica.com\/wp-content\/uploads\/2025\/09\/logo-arterra-header-web.png\",\"width\":1485,\"height\":365,\"caption\":\"ARTERRA\"},\"image\":{\"@id\":\"https:\/\/arterraceramica.com\/#\/schema\/logo\/image\/\"},\"sameAs\":[\"https:\/\/www.facebook.com\/arterra_ceramica\/\",\"https:\/\/www.instagram.com\/arterra_ceramica\"]}]}<\/script>\n<!-- \/ Yoast SEO plugin. -->","yoast_head_json":{"title":"Avis juridique - ARTERRA","robots":{"index":"index","follow":"follow","max-snippet":"max-snippet:-1","max-image-preview":"max-image-preview:large","max-video-preview":"max-video-preview:-1"},"canonical":"https:\/\/arterraceramica.com\/fr\/avis-juridique\/","og_locale":"fr_FR","og_type":"article","og_title":"Avis juridique - ARTERRA","og_url":"https:\/\/arterraceramica.com\/fr\/avis-juridique\/","og_site_name":"ARTERRA","article_publisher":"https:\/\/www.facebook.com\/arterra_ceramica\/","article_modified_time":"2026-01-08T12:43:51+00:00","og_image":[{"width":1485,"height":365,"url":"https:\/\/arterraceramica.com\/wp-content\/uploads\/2025\/09\/logo-arterra-header-web.png","type":"image\/png"}],"twitter_card":"summary_large_image","twitter_misc":{"Dur\u00e9e de lecture estim\u00e9e":"8 minutes"},"schema":{"@context":"https:\/\/schema.org","@graph":[{"@type":"WebPage","@id":"https:\/\/arterraceramica.com\/fr\/avis-juridique\/","url":"https:\/\/arterraceramica.com\/fr\/avis-juridique\/","name":"Avis juridique - ARTERRA","isPartOf":{"@id":"https:\/\/arterraceramica.com\/#website"},"datePublished":"2025-09-30T10:21:26+00:00","dateModified":"2026-01-08T12:43:51+00:00","breadcrumb":{"@id":"https:\/\/arterraceramica.com\/fr\/avis-juridique\/#breadcrumb"},"inLanguage":"fr-FR","potentialAction":[{"@type":"ReadAction","target":["https:\/\/arterraceramica.com\/fr\/avis-juridique\/"]}]},{"@type":"BreadcrumbList","@id":"https:\/\/arterraceramica.com\/fr\/avis-juridique\/#breadcrumb","itemListElement":[{"@type":"ListItem","position":1,"name":"Portada","item":"https:\/\/arterraceramica.com\/fr\/"},{"@type":"ListItem","position":2,"name":"Avis juridique"}]},{"@type":"WebSite","@id":"https:\/\/arterraceramica.com\/#website","url":"https:\/\/arterraceramica.com\/","name":"ARTERRA","description":"Lugares donde la tierra cobra vida","publisher":{"@id":"https:\/\/arterraceramica.com\/#organization"},"alternateName":"Lugares donde la tierra cobra vida","potentialAction":[{"@type":"SearchAction","target":{"@type":"EntryPoint","urlTemplate":"https:\/\/arterraceramica.com\/?s={search_term_string}"},"query-input":{"@type":"PropertyValueSpecification","valueRequired":true,"valueName":"search_term_string"}}],"inLanguage":"fr-FR"},{"@type":"Organization","@id":"https:\/\/arterraceramica.com\/#organization","name":"ARTERRA","alternateName":"Lugares donde la tierra cobra vida","url":"https:\/\/arterraceramica.com\/","logo":{"@type":"ImageObject","inLanguage":"fr-FR","@id":"https:\/\/arterraceramica.com\/#\/schema\/logo\/image\/","url":"https:\/\/arterraceramica.com\/wp-content\/uploads\/2025\/09\/logo-arterra-header-web.png","contentUrl":"https:\/\/arterraceramica.com\/wp-content\/uploads\/2025\/09\/logo-arterra-header-web.png","width":1485,"height":365,"caption":"ARTERRA"},"image":{"@id":"https:\/\/arterraceramica.com\/#\/schema\/logo\/image\/"},"sameAs":["https:\/\/www.facebook.com\/arterra_ceramica\/","https:\/\/www.instagram.com\/arterra_ceramica"]}]}},"_links":{"self":[{"href":"https:\/\/arterraceramica.com\/fr\/wp-json\/wp\/v2\/pages\/2541","targetHints":{"allow":["GET"]}}],"collection":[{"href":"https:\/\/arterraceramica.com\/fr\/wp-json\/wp\/v2\/pages"}],"about":[{"href":"https:\/\/arterraceramica.com\/fr\/wp-json\/wp\/v2\/types\/page"}],"author":[{"embeddable":true,"href":"https:\/\/arterraceramica.com\/fr\/wp-json\/wp\/v2\/users\/2"}],"replies":[{"embeddable":true,"href":"https:\/\/arterraceramica.com\/fr\/wp-json\/wp\/v2\/comments?post=2541"}],"version-history":[{"count":2,"href":"https:\/\/arterraceramica.com\/fr\/wp-json\/wp\/v2\/pages\/2541\/revisions"}],"predecessor-version":[{"id":3431,"href":"https:\/\/arterraceramica.com\/fr\/wp-json\/wp\/v2\/pages\/2541\/revisions\/3431"}],"wp:attachment":[{"href":"https:\/\/arterraceramica.com\/fr\/wp-json\/wp\/v2\/media?parent=2541"}],"curies":[{"name":"wp","href":"https:\/\/api.w.org\/{rel}","templated":true}]}}