{"id":2547,"date":"2025-09-30T12:28:32","date_gmt":"2025-09-30T10:28:32","guid":{"rendered":"https:\/\/arterraceramica.com\/?page_id=2547"},"modified":"2025-12-24T15:30:07","modified_gmt":"2025-12-24T14:30:07","slug":"politique-de-confidentialite","status":"publish","type":"page","link":"https:\/\/arterraceramica.com\/fr\/politique-de-confidentialite\/","title":{"rendered":"Politique de confidentialit\u00e9"},"content":{"rendered":"<div class=\"fusion-fullwidth fullwidth-box fusion-builder-row-1 fusion-flex-container has-pattern-background has-mask-background nonhundred-percent-fullwidth non-hundred-percent-height-scrolling\" style=\"--awb-border-radius-top-left:0px;--awb-border-radius-top-right:0px;--awb-border-radius-bottom-right:0px;--awb-border-radius-bottom-left:0px;--awb-flex-wrap:wrap;\" ><div class=\"fusion-builder-row fusion-row fusion-flex-align-items-flex-start fusion-flex-content-wrap\" style=\"max-width:1248px;margin-left: calc(-4% \/ 2 );margin-right: calc(-4% \/ 2 );\"><div class=\"fusion-layout-column fusion_builder_column fusion-builder-column-0 fusion_builder_column_1_1 1_1 fusion-flex-column\" style=\"--awb-bg-size:cover;--awb-width-large:100%;--awb-margin-top-large:0px;--awb-spacing-right-large:1.92%;--awb-margin-bottom-large:20px;--awb-spacing-left-large:1.92%;--awb-width-medium:100%;--awb-order-medium:0;--awb-spacing-right-medium:1.92%;--awb-spacing-left-medium:1.92%;--awb-width-small:100%;--awb-order-small:0;--awb-spacing-right-small:1.92%;--awb-spacing-left-small:1.92%;\"><div class=\"fusion-column-wrapper fusion-column-has-shadow fusion-flex-justify-content-flex-start fusion-content-layout-column\"><div class=\"fusion-text fusion-text-1\"><div class=\"legal-pages\">\n<h1>Politique de confidentialit\u00e9<\/h1>\n<p>Conform\u00e9ment au R\u00e8glement (UE) 2016\/679, R\u00e8glement g\u00e9n\u00e9ral sur la protection des donn\u00e9es (<strong>RGPD<\/strong>), \u00e0 la Loi organique 3\/2018 du 5 d\u00e9cembre relative \u00e0 la protection des donn\u00e9es personnelles et \u00e0 la garantie des droits num\u00e9riques (<strong>LOPDGDD<\/strong>), ainsi qu\u2019\u00e0 la Loi 34\/2002 du 11 juillet relative aux services de la soci\u00e9t\u00e9 de l\u2019information et au commerce \u00e9lectronique (<strong>LSSI-CE<\/strong>), les utilisateurs sont inform\u00e9s de ce qui suit :<\/p>\n<h2>1. Identit\u00e9 du responsable du traitement<\/h2>\n<ul>\n<li><strong data-start=\"541\" data-end=\"558\">Responsable :<\/strong> Association Espagnole des Villes de la C\u00e9ramique (AeCC)<\/li>\n<li><strong data-start=\"617\" data-end=\"660\">Num\u00e9ro d\u2019identification fiscale (CIF) :<\/strong> G64767775<\/li>\n<li><strong data-start=\"673\" data-end=\"686\">Adresse :<\/strong> Calle Ram\u00f3n Par, num\u00e9ro 1, 08310, Argentona (Barcelone), Espagne<\/li>\n<li><strong>Site web:<\/strong> https:\/\/arterraceramica.com\/<\/li>\n<\/ul>\n<h2>2. Champ d\u2019application<\/h2>\n<p>La pr\u00e9sente politique s\u2019applique au traitement des donn\u00e9es personnelles effectu\u00e9 via le site web susmentionn\u00e9 et, en particulier, aux formulaires d\u2019inscription aux <strong>cours gratuits<\/strong>, aux formulaires de contact (le cas \u00e9ch\u00e9ant) et aux donn\u00e9es de navigation collect\u00e9es lors de l\u2019utilisation du site.<\/p>\n<h2>3. Donn\u00e9es trait\u00e9es<\/h2>\n<ul>\n<li><strong data-start=\"1166\" data-end=\"1210\">Donn\u00e9es d\u2019identification et de contact :<\/strong> pr\u00e9nom, nom, adresse \u00e9lectronique (si fournie par l\u2019utilisateur).<\/li>\n<li><strong data-start=\"1281\" data-end=\"1327\">Donn\u00e9es d\u2019inscription aux cours gratuits :<\/strong> cours demand\u00e9, participation\/pr\u00e9sence.<\/li>\n<li><strong data-start=\"1371\" data-end=\"1398\">Donn\u00e9es de navigation :<\/strong> adresse IP, identifiants de cookies ou autres (voir la Politique de cookies).<\/li>\n<\/ul>\n<h2>4. Finalit\u00e9s du traitement<\/h2>\n<ul>\n<li>G\u00e9rer l\u2019<strong>inscription et la participation<\/strong> aux cours et activit\u00e9s gratuits.<\/li>\n<li>R\u00e9pondre aux demandes et <strong>communications<\/strong> effectu\u00e9es via le site web.<\/li>\n<li>Envoyer des <strong>informations relatives<\/strong> aux cours, des rappels et des communications op\u00e9rationnelles.<\/li>\n<li>Am\u00e9liorer le site web et l\u2019exp\u00e9rience utilisateur au moyen <strong>d\u2019analyses<\/strong> agr\u00e9g\u00e9es ou anonymis\u00e9es.<\/li>\n<\/ul>\n<h2>5. Bases juridiques<\/h2>\n<ul>\n<li><strong data-start=\"1891\" data-end=\"1953\">Ex\u00e9cution d\u2019une relation pr\u00e9contractuelle ou contractuelle<\/strong> (art. 6.1.b RGPD) : gestion de l\u2019inscription et de la participation aux cours gratuits.<\/li>\n<li><strong data-start=\"2046\" data-end=\"2062\">Consentement<\/strong> (art. 6.1.a RGPD) : lorsque l\u2019utilisateur choisit de fournir ses donn\u00e9es.<\/li>\n<li><strong data-start=\"2141\" data-end=\"2161\">Int\u00e9r\u00eat l\u00e9gitime<\/strong> (art. 6.1.f RGPD) : s\u00e9curit\u00e9 du site web et analyses minimales n\u00e9cessaires.<\/li>\n<li><strong data-start=\"2242\" data-end=\"2263\">Obligation l\u00e9gale<\/strong> (art. 6.1.c RGPD) : respect des exigences r\u00e9glementaires.<\/li>\n<\/ul>\n<h2>6. Dur\u00e9e de conservation<\/h2>\n<ul>\n<li><strong data-start=\"2358\" data-end=\"2382\">Dossiers des cours :<\/strong> pendant la dur\u00e9e n\u00e9cessaire \u00e0 la gestion de l\u2019activit\u00e9 et jusqu\u2019\u00e0 un maximum de 24 mois apr\u00e8s sa finalisation.<\/li>\n<li><strong data-start=\"2498\" data-end=\"2530\">Demandes et communications :<\/strong> jusqu\u2019\u00e0 un maximum de 12 mois apr\u00e8s la derni\u00e8re interaction.<\/li>\n<li><strong data-start=\"2596\" data-end=\"2621\">Obligations l\u00e9gales :<\/strong> pendant les d\u00e9lais exig\u00e9s par la r\u00e9glementation applicable.<\/li>\n<\/ul>\n<h2>7. Destinataires<\/h2>\n<p>Les donn\u00e9es personnelles ne seront pas communiqu\u00e9es \u00e0 des tiers, sauf obligation l\u00e9gale. Si une communication est n\u00e9cessaire \u00e0 la prestation d\u2019un service, l\u2019utilisateur en sera inform\u00e9 au pr\u00e9alable et son consentement expr\u00e8s sera requis.<\/p>\n<h2>8. Transferts internationaux<\/h2>\n<p>Aucun transfert international de donn\u00e9es n\u2019est pr\u00e9vu. Si cela devait \u00eatre n\u00e9cessaire, les garanties appropri\u00e9es pr\u00e9vues par la r\u00e9glementation en mati\u00e8re de protection des donn\u00e9es seraient appliqu\u00e9es.<\/p>\n<h2>9. Droits des personnes concern\u00e9es<\/h2>\n<p data-start=\"3228\" data-end=\"3488\">Les utilisateurs peuvent exercer leurs droits d\u2019acc\u00e8s, de rectification, d\u2019effacement, d\u2019opposition, de limitation du traitement et de portabilit\u00e9 des donn\u00e9es en adressant une demande \u00e9crite au responsable du traitement \u00e0 l\u2019adresse postale indiqu\u00e9e au point 1.<\/p>\n<p data-start=\"3490\" data-end=\"3753\">Ils disposent \u00e9galement du droit de retirer leur consentement \u00e0 tout moment, sans que cela n\u2019affecte la lic\u00e9it\u00e9 du traitement effectu\u00e9 avant le retrait, ainsi que du droit d\u2019introduire une r\u00e9clamation aupr\u00e8s de l\u2019Agence Espagnole de Protection des Donn\u00e9es<a href=\"https:\/\/www.aepd.es\" target=\"_blank\" rel=\"noopener noreferrer\"> (AEPD)<\/a>.<\/p>\n<h2>10. S\u00e9curit\u00e9 de l\u2019information<\/h2>\n<p>Le responsable du traitement a adopt\u00e9 toutes les mesures techniques et organisationnelles n\u00e9cessaires pour garantir la s\u00e9curit\u00e9 des donn\u00e9es personnelles et pr\u00e9venir leur alt\u00e9ration, perte, traitement ou acc\u00e8s non autoris\u00e9, conform\u00e9ment \u00e0 l\u2019\u00e9tat de la technique et \u00e0 la nature des donn\u00e9es trait\u00e9es.<\/p>\n<h2>11. Mineurs<\/h2>\n<p>Les services s\u2019adressent aux personnes \u00e2g\u00e9es de plus de 14 ans. Lorsque le traitement de donn\u00e9es de mineurs est requis, le consentement du parent ou du repr\u00e9sentant l\u00e9gal sera demand\u00e9.<\/p>\n<h2>12. Exactitude des donn\u00e9es<\/h2>\n<p>Les utilisateurs sont responsables de l\u2019exactitude des donn\u00e9es fournies et s\u2019engagent \u00e0 les tenir \u00e0 jour. Le responsable du traitement ne saurait \u00eatre tenu responsable des inexactitudes ou de l\u2019absence de mise \u00e0 jour des donn\u00e9es.<\/p>\n<h2>13. Communications<\/h2>\n<p>Le responsable du traitement ne pratique pas le spam. Les communications seront limit\u00e9es aux informations relatives aux cours gratuits ou aux activit\u00e9s de l\u2019Association, sauf consentement expr\u00e8s pour recevoir d\u2019autres types d\u2019informations.<\/p>\n<h2>14. Liens externes<\/h2>\n<p>Le site web peut contenir des liens vers des sites web de tiers. Le responsable du traitement n\u2019assume aucune responsabilit\u00e9 quant au contenu ou aux politiques de confidentialit\u00e9 de ces sites.<\/p>\n<h2>15. Cookies<\/h2>\n<p>Ce site web utilise des cookies techniques et, le cas \u00e9ch\u00e9ant, des cookies analytiques. Les d\u00e9tails relatifs \u00e0 leur utilisation sont disponibles dans la Politique de cookies.<\/p>\n<h2>16. Modifications de la politique<\/h2>\n<p>La pr\u00e9sente politique peut \u00eatre modifi\u00e9e afin de s\u2019adapter aux \u00e9volutions l\u00e9gislatives ou jurisprudentielles. La version mise \u00e0 jour sera toujours publi\u00e9e, en indiquant la date de la derni\u00e8re mise \u00e0 jour.<\/p>\n<p><strong>Derni\u00e8re mise \u00e0 jour : 30\/09\/2025<\/strong><\/p>\n<h2>17. Contact<\/h2>\n<p>Pour toute question relative \u00e0 la pr\u00e9sente Politique de confidentialit\u00e9, vous pouvez contacter le responsable du traitement par \u00e9crit \u00e0 l\u2019adresse indiqu\u00e9e au point 1.<\/p>\n<\/div>\n<\/div><\/div><\/div><\/div><\/div>\n","protected":false},"excerpt":{"rendered":"","protected":false},"author":2,"featured_media":0,"parent":0,"menu_order":0,"comment_status":"closed","ping_status":"closed","template":"100-width.php","meta":{"footnotes":""},"class_list":["post-2547","page","type-page","status-publish","hentry"],"yoast_head":"<!-- This site is optimized with the Yoast SEO plugin v26.0 - https:\/\/yoast.com\/wordpress\/plugins\/seo\/ -->\n<title>Politique de confidentialit\u00e9 - ARTERRA<\/title>\n<meta name=\"robots\" content=\"index, follow, max-snippet:-1, max-image-preview:large, max-video-preview:-1\" \/>\n<link rel=\"canonical\" href=\"https:\/\/arterraceramica.com\/fr\/politique-de-confidentialite\/\" \/>\n<meta property=\"og:locale\" content=\"fr_FR\" \/>\n<meta property=\"og:type\" content=\"article\" \/>\n<meta property=\"og:title\" content=\"Politique de confidentialit\u00e9 - ARTERRA\" \/>\n<meta property=\"og:url\" content=\"https:\/\/arterraceramica.com\/fr\/politique-de-confidentialite\/\" \/>\n<meta property=\"og:site_name\" content=\"ARTERRA\" \/>\n<meta property=\"article:publisher\" content=\"https:\/\/www.facebook.com\/arterra_ceramica\/\" \/>\n<meta property=\"article:modified_time\" content=\"2025-12-24T14:30:07+00:00\" \/>\n<meta property=\"og:image\" content=\"https:\/\/arterraceramica.com\/wp-content\/uploads\/2025\/09\/logo-arterra-header-web.png\" \/>\n\t<meta property=\"og:image:width\" content=\"1485\" \/>\n\t<meta property=\"og:image:height\" content=\"365\" \/>\n\t<meta property=\"og:image:type\" content=\"image\/png\" \/>\n<meta name=\"twitter:card\" content=\"summary_large_image\" \/>\n<meta name=\"twitter:label1\" content=\"Dur\u00e9e de lecture estim\u00e9e\" \/>\n\t<meta name=\"twitter:data1\" content=\"4 minutes\" \/>\n<script type=\"application\/ld+json\" class=\"yoast-schema-graph\">{\"@context\":\"https:\/\/schema.org\",\"@graph\":[{\"@type\":\"WebPage\",\"@id\":\"https:\/\/arterraceramica.com\/fr\/politique-de-confidentialite\/\",\"url\":\"https:\/\/arterraceramica.com\/fr\/politique-de-confidentialite\/\",\"name\":\"Politique de confidentialit\u00e9 - ARTERRA\",\"isPartOf\":{\"@id\":\"https:\/\/arterraceramica.com\/#website\"},\"datePublished\":\"2025-09-30T10:28:32+00:00\",\"dateModified\":\"2025-12-24T14:30:07+00:00\",\"breadcrumb\":{\"@id\":\"https:\/\/arterraceramica.com\/fr\/politique-de-confidentialite\/#breadcrumb\"},\"inLanguage\":\"fr-FR\",\"potentialAction\":[{\"@type\":\"ReadAction\",\"target\":[\"https:\/\/arterraceramica.com\/fr\/politique-de-confidentialite\/\"]}]},{\"@type\":\"BreadcrumbList\",\"@id\":\"https:\/\/arterraceramica.com\/fr\/politique-de-confidentialite\/#breadcrumb\",\"itemListElement\":[{\"@type\":\"ListItem\",\"position\":1,\"name\":\"Portada\",\"item\":\"https:\/\/arterraceramica.com\/fr\/\"},{\"@type\":\"ListItem\",\"position\":2,\"name\":\"Politique de confidentialit\u00e9\"}]},{\"@type\":\"WebSite\",\"@id\":\"https:\/\/arterraceramica.com\/#website\",\"url\":\"https:\/\/arterraceramica.com\/\",\"name\":\"ARTERRA\",\"description\":\"Lugares donde la tierra cobra vida\",\"publisher\":{\"@id\":\"https:\/\/arterraceramica.com\/#organization\"},\"alternateName\":\"Lugares donde la tierra cobra vida\",\"potentialAction\":[{\"@type\":\"SearchAction\",\"target\":{\"@type\":\"EntryPoint\",\"urlTemplate\":\"https:\/\/arterraceramica.com\/?s={search_term_string}\"},\"query-input\":{\"@type\":\"PropertyValueSpecification\",\"valueRequired\":true,\"valueName\":\"search_term_string\"}}],\"inLanguage\":\"fr-FR\"},{\"@type\":\"Organization\",\"@id\":\"https:\/\/arterraceramica.com\/#organization\",\"name\":\"ARTERRA\",\"alternateName\":\"Lugares donde la tierra cobra vida\",\"url\":\"https:\/\/arterraceramica.com\/\",\"logo\":{\"@type\":\"ImageObject\",\"inLanguage\":\"fr-FR\",\"@id\":\"https:\/\/arterraceramica.com\/#\/schema\/logo\/image\/\",\"url\":\"https:\/\/arterraceramica.com\/wp-content\/uploads\/2025\/09\/logo-arterra-header-web.png\",\"contentUrl\":\"https:\/\/arterraceramica.com\/wp-content\/uploads\/2025\/09\/logo-arterra-header-web.png\",\"width\":1485,\"height\":365,\"caption\":\"ARTERRA\"},\"image\":{\"@id\":\"https:\/\/arterraceramica.com\/#\/schema\/logo\/image\/\"},\"sameAs\":[\"https:\/\/www.facebook.com\/arterra_ceramica\/\",\"https:\/\/www.instagram.com\/arterra_ceramica\"]}]}<\/script>\n<!-- \/ Yoast SEO plugin. -->","yoast_head_json":{"title":"Politique de confidentialit\u00e9 - ARTERRA","robots":{"index":"index","follow":"follow","max-snippet":"max-snippet:-1","max-image-preview":"max-image-preview:large","max-video-preview":"max-video-preview:-1"},"canonical":"https:\/\/arterraceramica.com\/fr\/politique-de-confidentialite\/","og_locale":"fr_FR","og_type":"article","og_title":"Politique de confidentialit\u00e9 - ARTERRA","og_url":"https:\/\/arterraceramica.com\/fr\/politique-de-confidentialite\/","og_site_name":"ARTERRA","article_publisher":"https:\/\/www.facebook.com\/arterra_ceramica\/","article_modified_time":"2025-12-24T14:30:07+00:00","og_image":[{"width":1485,"height":365,"url":"https:\/\/arterraceramica.com\/wp-content\/uploads\/2025\/09\/logo-arterra-header-web.png","type":"image\/png"}],"twitter_card":"summary_large_image","twitter_misc":{"Dur\u00e9e de lecture estim\u00e9e":"4 minutes"},"schema":{"@context":"https:\/\/schema.org","@graph":[{"@type":"WebPage","@id":"https:\/\/arterraceramica.com\/fr\/politique-de-confidentialite\/","url":"https:\/\/arterraceramica.com\/fr\/politique-de-confidentialite\/","name":"Politique de confidentialit\u00e9 - ARTERRA","isPartOf":{"@id":"https:\/\/arterraceramica.com\/#website"},"datePublished":"2025-09-30T10:28:32+00:00","dateModified":"2025-12-24T14:30:07+00:00","breadcrumb":{"@id":"https:\/\/arterraceramica.com\/fr\/politique-de-confidentialite\/#breadcrumb"},"inLanguage":"fr-FR","potentialAction":[{"@type":"ReadAction","target":["https:\/\/arterraceramica.com\/fr\/politique-de-confidentialite\/"]}]},{"@type":"BreadcrumbList","@id":"https:\/\/arterraceramica.com\/fr\/politique-de-confidentialite\/#breadcrumb","itemListElement":[{"@type":"ListItem","position":1,"name":"Portada","item":"https:\/\/arterraceramica.com\/fr\/"},{"@type":"ListItem","position":2,"name":"Politique de confidentialit\u00e9"}]},{"@type":"WebSite","@id":"https:\/\/arterraceramica.com\/#website","url":"https:\/\/arterraceramica.com\/","name":"ARTERRA","description":"Lugares donde la tierra cobra vida","publisher":{"@id":"https:\/\/arterraceramica.com\/#organization"},"alternateName":"Lugares donde la tierra cobra vida","potentialAction":[{"@type":"SearchAction","target":{"@type":"EntryPoint","urlTemplate":"https:\/\/arterraceramica.com\/?s={search_term_string}"},"query-input":{"@type":"PropertyValueSpecification","valueRequired":true,"valueName":"search_term_string"}}],"inLanguage":"fr-FR"},{"@type":"Organization","@id":"https:\/\/arterraceramica.com\/#organization","name":"ARTERRA","alternateName":"Lugares donde la tierra cobra vida","url":"https:\/\/arterraceramica.com\/","logo":{"@type":"ImageObject","inLanguage":"fr-FR","@id":"https:\/\/arterraceramica.com\/#\/schema\/logo\/image\/","url":"https:\/\/arterraceramica.com\/wp-content\/uploads\/2025\/09\/logo-arterra-header-web.png","contentUrl":"https:\/\/arterraceramica.com\/wp-content\/uploads\/2025\/09\/logo-arterra-header-web.png","width":1485,"height":365,"caption":"ARTERRA"},"image":{"@id":"https:\/\/arterraceramica.com\/#\/schema\/logo\/image\/"},"sameAs":["https:\/\/www.facebook.com\/arterra_ceramica\/","https:\/\/www.instagram.com\/arterra_ceramica"]}]}},"_links":{"self":[{"href":"https:\/\/arterraceramica.com\/fr\/wp-json\/wp\/v2\/pages\/2547","targetHints":{"allow":["GET"]}}],"collection":[{"href":"https:\/\/arterraceramica.com\/fr\/wp-json\/wp\/v2\/pages"}],"about":[{"href":"https:\/\/arterraceramica.com\/fr\/wp-json\/wp\/v2\/types\/page"}],"author":[{"embeddable":true,"href":"https:\/\/arterraceramica.com\/fr\/wp-json\/wp\/v2\/users\/2"}],"replies":[{"embeddable":true,"href":"https:\/\/arterraceramica.com\/fr\/wp-json\/wp\/v2\/comments?post=2547"}],"version-history":[{"count":1,"href":"https:\/\/arterraceramica.com\/fr\/wp-json\/wp\/v2\/pages\/2547\/revisions"}],"predecessor-version":[{"id":2548,"href":"https:\/\/arterraceramica.com\/fr\/wp-json\/wp\/v2\/pages\/2547\/revisions\/2548"}],"wp:attachment":[{"href":"https:\/\/arterraceramica.com\/fr\/wp-json\/wp\/v2\/media?parent=2547"}],"curies":[{"name":"wp","href":"https:\/\/api.w.org\/{rel}","templated":true}]}}