{"id":2642,"date":"2025-09-30T12:27:27","date_gmt":"2025-09-30T10:27:27","guid":{"rendered":"https:\/\/arterraceramica.com\/?page_id=2642"},"modified":"2026-01-08T13:48:01","modified_gmt":"2026-01-08T12:48:01","slug":"politique-de-cookies","status":"publish","type":"page","link":"https:\/\/arterraceramica.com\/fr\/politique-de-cookies\/","title":{"rendered":"Politique de cookies"},"content":{"rendered":"<div class=\"fusion-fullwidth fullwidth-box fusion-builder-row-1 fusion-flex-container has-pattern-background has-mask-background nonhundred-percent-fullwidth non-hundred-percent-height-scrolling\" style=\"--awb-border-radius-top-left:0px;--awb-border-radius-top-right:0px;--awb-border-radius-bottom-right:0px;--awb-border-radius-bottom-left:0px;--awb-flex-wrap:wrap;\" ><div class=\"fusion-builder-row fusion-row fusion-flex-align-items-flex-start fusion-flex-content-wrap\" style=\"max-width:1248px;margin-left: calc(-4% \/ 2 );margin-right: calc(-4% \/ 2 );\"><div class=\"fusion-layout-column fusion_builder_column fusion-builder-column-0 fusion_builder_column_1_1 1_1 fusion-flex-column\" style=\"--awb-bg-size:cover;--awb-width-large:100%;--awb-margin-top-large:0px;--awb-spacing-right-large:1.92%;--awb-margin-bottom-large:20px;--awb-spacing-left-large:1.92%;--awb-width-medium:100%;--awb-order-medium:0;--awb-spacing-right-medium:1.92%;--awb-spacing-left-medium:1.92%;--awb-width-small:100%;--awb-order-small:0;--awb-spacing-right-small:1.92%;--awb-spacing-left-small:1.92%;\"><div class=\"fusion-column-wrapper fusion-column-has-shadow fusion-flex-justify-content-flex-start fusion-content-layout-column\"><div class=\"fusion-text fusion-text-1\"><div class=\"legal-pages\">\n<h1>Politique de cookies<\/h1>\n<h2>1. Introduction<\/h2>\n<p>Notre site web, <a class=\"decorated-link cursor-pointer\" target=\"_new\" rel=\"noopener\" data-start=\"68\" data-end=\"101\">https:\/\/www.arterraceramica.com<\/a> (ci-apr\u00e8s, \u00ab le site web \u00bb), utilise des cookies et d\u2019autres technologies similaires (par souci de simplicit\u00e9, toutes ces technologies sont d\u00e9sign\u00e9es par le terme \u00ab cookies \u00bb). Des cookies peuvent \u00e9galement \u00eatre d\u00e9pos\u00e9s par des tiers avec lesquels nous avons conclu des accords. Le pr\u00e9sent document a pour objectif de vous informer sur l\u2019utilisation des cookies sur notre site web.<\/p>\n<h2>2. Que sont les cookies ?<\/h2>\n<p>Un cookie est un petit fichier envoy\u00e9 avec les pages de ce site web et stock\u00e9 par votre navigateur sur le disque dur de votre ordinateur ou d\u2019un autre appareil. Les informations stock\u00e9es peuvent \u00eatre renvoy\u00e9es \u00e0 nos serveurs ou \u00e0 ceux de tiers concern\u00e9s lors d\u2019une visite ult\u00e9rieure.<\/p>\n<h2>3. Que sont les scripts ?<\/h2>\n<p>Un script est un fragment de code utilis\u00e9 pour assurer le bon fonctionnement de notre site web et permettre une interaction correcte. Ce code est ex\u00e9cut\u00e9 sur notre serveur ou sur votre appareil.<\/p>\n<h2>4. Qu\u2019est-ce qu\u2019une balise web ?<\/h2>\n<p>Une balise web (ou balise pixel) est un petit fragment de texte ou une image invisible int\u00e9gr\u00e9(e) \u00e0 un site web, utilis\u00e9(e) pour suivre le trafic sur celui-ci. \u00c0 cette fin, diff\u00e9rentes donn\u00e9es vous concernant peuvent \u00eatre stock\u00e9es au moyen de balises web.<\/p>\n<h2>5. Cookies<\/h2>\n<h3>5.1. Cookies techniques ou fonctionnels<\/h3>\n<p>Certains cookies garantissent le bon fonctionnement de certaines parties du site web et la m\u00e9morisation de vos pr\u00e9f\u00e9rences utilisateur. En pla\u00e7ant des cookies fonctionnels, nous facilitons votre navigation sur le site. Par exemple, vous n\u2019avez pas \u00e0 saisir \u00e0 plusieurs reprises les m\u00eames informations lors de vos visites. Ces cookies peuvent \u00eatre d\u00e9pos\u00e9s sans votre consentement.<\/p>\n<h3>5.2. Cookies analytiques<\/h3>\n<p>Les cookies analytiques sont utilis\u00e9s de mani\u00e8re anonyme afin de collecter des statistiques et d\u2019am\u00e9liorer nos services. \u00c9tant donn\u00e9 qu\u2019il s\u2019agit de donn\u00e9es anonymes, votre consentement expr\u00e8s n\u2019est pas requis pour leur d\u00e9p\u00f4t.<\/p>\n<h3>5.3. Boutons de r\u00e9seaux sociaux<\/h3>\n<p data-start=\"2097\" data-end=\"2493\">Notre site web inclut des boutons de Facebook, Twitter, LinkedIn et Instagram pour promouvoir des pages (par exemple \u00ab J\u2019aime \u00bb, \u00ab partager \u00bb) ou les partager sur les r\u00e9seaux sociaux. Ces boutons fonctionnent \u00e0 l\u2019aide de code fourni par ces plateformes, lequel int\u00e8gre des cookies. Ces boutons peuvent stocker et traiter certaines informations afin de vous proposer des publicit\u00e9s personnalis\u00e9es.<\/p>\n<p data-start=\"2495\" data-end=\"2879\" data-is-last-node=\"\" data-is-only-node=\"\">Nous vous recommandons de consulter la politique de confidentialit\u00e9 de ces r\u00e9seaux sociaux (susceptible d\u2019\u00eatre modifi\u00e9e fr\u00e9quemment) afin de conna\u00eetre l\u2019utilisation qui est faite de vos donn\u00e9es personnelles trait\u00e9es au moyen de ces cookies. Dans la mesure du possible, les donn\u00e9es qu\u2019ils re\u00e7oivent sont anonymis\u00e9es. Facebook, Twitter, LinkedIn et Instagram sont situ\u00e9s aux \u00c9tats-Unis.<\/p>\n<h2>6. Cookies Used<\/h2>\n<table>\n<thead>\n<tr>\n<th>Nom<\/th>\n<th>Type<\/th>\n<th>Expiration<\/th>\n<th>Finalit\u00e9<\/th>\n<th>Partage des donn\u00e9es<\/th>\n<\/tr>\n<\/thead>\n<tbody>\n<tr>\n<td>_ga<\/td>\n<td>Analytique<\/td>\n<td>2 ans<\/td>\n<td>Analyser l\u2019utilisation du site web afin d\u2019am\u00e9liorer les services.<\/td>\n<td>Non<\/td>\n<\/tr>\n<tr>\n<td>_gid<\/td>\n<td>Analytique<\/td>\n<td>24 heures<\/td>\n<td>Distinguer les utilisateurs pour analyser le trafic du site.<\/td>\n<td>Non<\/td>\n<\/tr>\n<tr>\n<td>_gat<\/td>\n<td>Analytique<\/td>\n<td>1 minute<\/td>\n<td>Limiter le pourcentage de requ\u00eates.<\/td>\n<td>Non<\/td>\n<\/tr>\n<tr>\n<td>CookieConsent<\/td>\n<td>N\u00e9cessaire<\/td>\n<td>1 an<\/td>\n<td>M\u00e9moriser les pr\u00e9f\u00e9rences de consentement de l\u2019utilisateur.<\/td>\n<td>Non<\/td>\n<\/tr>\n<tr>\n<td>rc::a<\/td>\n<td>N\u00e9cessaire<\/td>\n<td>Session<\/td>\n<td>\u00a0Distinguer les humains des robots.<\/td>\n<td>Oui (gstatic.com)<\/td>\n<\/tr>\n<tr>\n<td>rc::c<\/td>\n<td>N\u00e9cessaire<\/td>\n<td>Session<\/td>\n<td>\u00a0Distinguer les humains des robots.<\/td>\n<td>Oui (gstatic.com)<\/td>\n<\/tr>\n<\/tbody>\n<\/table>\n<h2>7. Consentement<\/h2>\n<p>Lors de votre premi\u00e8re visite sur notre site web, une fen\u00eatre contextuelle s\u2019affichera avec des informations sur les cookies. D\u00e8s que vous cliquez sur <strong data-start=\"177\" data-end=\"212\">\u00ab Enregistrer les pr\u00e9f\u00e9rences \u00bb<\/strong>, vous acceptez l\u2019utilisation des cat\u00e9gories de cookies et des extensions que vous avez s\u00e9lectionn\u00e9es dans la fen\u00eatre contextuelle, conform\u00e9ment \u00e0 la pr\u00e9sente politique de cookies. Vous pouvez d\u00e9sactiver l\u2019utilisation des cookies via les param\u00e8tres de votre navigateur, mais veuillez noter que le site web pourrait ne plus fonctionner correctement.<\/p>\n<h2>8. Vos droits concernant les donn\u00e9es personnelles<\/h2>\n<p>Vous disposez des droits suivants concernant vos donn\u00e9es personnelles :<\/p>\n<ul>\n<li>Savoir pourquoi vos donn\u00e9es sont n\u00e9cessaires, ce qu\u2019il en adviendra et pendant combien de temps elles seront conserv\u00e9es.<\/li>\n<li>Droit d\u2019acc\u00e8s : conna\u00eetre les donn\u00e9es personnelles que nous d\u00e9tenons \u00e0 votre sujet.<\/li>\n<li>Droit de rectification : corriger, compl\u00e9ter, supprimer ou bloquer vos donn\u00e9es personnelles \u00e0 tout moment.<\/li>\n<li>Droit de retrait du consentement : retirer votre consentement au traitement des donn\u00e9es et demander leur suppression.<\/li>\n<li>Droit \u00e0 la portabilit\u00e9 : demander l\u2019ensemble de vos donn\u00e9es personnelles et les transf\u00e9rer int\u00e9gralement \u00e0 un autre responsable du traitement.<\/li>\n<li>Droit d\u2019opposition : vous opposer au traitement de vos donn\u00e9es. Nous respecterons cette demande, sauf s\u2019il existe des motifs l\u00e9gitimes de poursuivre le traitement.<\/li>\n<\/ul>\n<p>Pour exercer ces droits, veuillez nous contacter en utilisant les coordonn\u00e9es figurant \u00e0 la fin de la pr\u00e9sente politique de cookies. Vous pouvez \u00e9galement d\u00e9poser une r\u00e9clamation aupr\u00e8s de l\u2019Agence Espagnole de Protection des Donn\u00e9es (AEPD).<\/p>\n<h2>9. Activation, d\u00e9sactivation et suppression des cookies<\/h2>\n<p data-start=\"1784\" data-end=\"2224\">Vous pouvez configurer votre navigateur Internet pour supprimer les cookies automatiquement ou manuellement. Vous pouvez \u00e9galement pr\u00e9ciser que certains cookies ne doivent pas \u00eatre d\u00e9pos\u00e9s. Une autre option consiste \u00e0 modifier les param\u00e8tres de votre navigateur afin de recevoir une notification chaque fois qu\u2019un cookie est install\u00e9. Pour plus d\u2019informations sur ces options, veuillez consulter la section <strong data-start=\"2191\" data-end=\"2203\">\u00ab Aide \u00bb<\/strong> de votre navigateur.<\/p>\n<p data-start=\"2226\" data-end=\"2485\">Veuillez noter que notre site web peut ne pas fonctionner correctement si vous d\u00e9sactivez tous les cookies. Si vous supprimez les cookies de votre navigateur, ils seront de nouveau install\u00e9s apr\u00e8s votre consentement lorsque vous reviendrez sur notre site web.<\/p>\n<h2>10. Coordonn\u00e9es de contact<\/h2>\n<p>Pour toute question et\/ou commentaire concernant notre politique de cookies et la pr\u00e9sente d\u00e9claration, veuillez nous contacter aux coordonn\u00e9es suivantes :<\/p>\n<ul>\n<li><strong data-start=\"2681\" data-end=\"2707\">D\u00e9nomination sociale :<\/strong> Association Espagnole des Villes de la C\u00e9ramique (AeCC)<\/li>\n<li><strong data-start=\"2766\" data-end=\"2809\">Num\u00e9ro d\u2019identification fiscale (CIF) :<\/strong> G64767775<\/li>\n<li><strong data-start=\"2822\" data-end=\"2840\">Si\u00e8ge social :<\/strong> Calle Ram\u00f3n Par, num\u00e9ro 1, 08310, Argentona (Barcelone), Espagne<\/li>\n<\/ul>\n<\/div>\n<\/div><\/div><\/div><\/div><\/div>\n","protected":false},"excerpt":{"rendered":"","protected":false},"author":2,"featured_media":0,"parent":0,"menu_order":0,"comment_status":"closed","ping_status":"closed","template":"100-width.php","meta":{"footnotes":""},"class_list":["post-2642","page","type-page","status-publish","hentry"],"yoast_head":"<!-- This site is optimized with the Yoast SEO plugin v26.0 - https:\/\/yoast.com\/wordpress\/plugins\/seo\/ -->\n<title>Politique de cookies - ARTERRA<\/title>\n<meta name=\"robots\" content=\"index, follow, max-snippet:-1, max-image-preview:large, max-video-preview:-1\" \/>\n<link rel=\"canonical\" href=\"https:\/\/arterraceramica.com\/fr\/politique-de-cookies\/\" \/>\n<meta property=\"og:locale\" content=\"fr_FR\" \/>\n<meta property=\"og:type\" content=\"article\" \/>\n<meta property=\"og:title\" content=\"Politique de cookies - ARTERRA\" \/>\n<meta property=\"og:url\" content=\"https:\/\/arterraceramica.com\/fr\/politique-de-cookies\/\" \/>\n<meta property=\"og:site_name\" content=\"ARTERRA\" \/>\n<meta property=\"article:publisher\" content=\"https:\/\/www.facebook.com\/arterra_ceramica\/\" \/>\n<meta property=\"article:modified_time\" content=\"2026-01-08T12:48:01+00:00\" \/>\n<meta property=\"og:image\" content=\"https:\/\/arterraceramica.com\/wp-content\/uploads\/2025\/09\/logo-arterra-header-web.png\" \/>\n\t<meta property=\"og:image:width\" content=\"1485\" \/>\n\t<meta property=\"og:image:height\" content=\"365\" \/>\n\t<meta property=\"og:image:type\" content=\"image\/png\" \/>\n<meta name=\"twitter:card\" content=\"summary_large_image\" \/>\n<meta name=\"twitter:label1\" content=\"Dur\u00e9e de lecture estim\u00e9e\" \/>\n\t<meta name=\"twitter:data1\" content=\"5 minutes\" \/>\n<script type=\"application\/ld+json\" class=\"yoast-schema-graph\">{\"@context\":\"https:\/\/schema.org\",\"@graph\":[{\"@type\":\"WebPage\",\"@id\":\"https:\/\/arterraceramica.com\/fr\/politique-de-cookies\/\",\"url\":\"https:\/\/arterraceramica.com\/fr\/politique-de-cookies\/\",\"name\":\"Politique de cookies - ARTERRA\",\"isPartOf\":{\"@id\":\"https:\/\/arterraceramica.com\/#website\"},\"datePublished\":\"2025-09-30T10:27:27+00:00\",\"dateModified\":\"2026-01-08T12:48:01+00:00\",\"breadcrumb\":{\"@id\":\"https:\/\/arterraceramica.com\/fr\/politique-de-cookies\/#breadcrumb\"},\"inLanguage\":\"fr-FR\",\"potentialAction\":[{\"@type\":\"ReadAction\",\"target\":[\"https:\/\/arterraceramica.com\/fr\/politique-de-cookies\/\"]}]},{\"@type\":\"BreadcrumbList\",\"@id\":\"https:\/\/arterraceramica.com\/fr\/politique-de-cookies\/#breadcrumb\",\"itemListElement\":[{\"@type\":\"ListItem\",\"position\":1,\"name\":\"Portada\",\"item\":\"https:\/\/arterraceramica.com\/fr\/\"},{\"@type\":\"ListItem\",\"position\":2,\"name\":\"Politique de cookies\"}]},{\"@type\":\"WebSite\",\"@id\":\"https:\/\/arterraceramica.com\/#website\",\"url\":\"https:\/\/arterraceramica.com\/\",\"name\":\"ARTERRA\",\"description\":\"Lugares donde la tierra cobra vida\",\"publisher\":{\"@id\":\"https:\/\/arterraceramica.com\/#organization\"},\"alternateName\":\"Lugares donde la tierra cobra vida\",\"potentialAction\":[{\"@type\":\"SearchAction\",\"target\":{\"@type\":\"EntryPoint\",\"urlTemplate\":\"https:\/\/arterraceramica.com\/?s={search_term_string}\"},\"query-input\":{\"@type\":\"PropertyValueSpecification\",\"valueRequired\":true,\"valueName\":\"search_term_string\"}}],\"inLanguage\":\"fr-FR\"},{\"@type\":\"Organization\",\"@id\":\"https:\/\/arterraceramica.com\/#organization\",\"name\":\"ARTERRA\",\"alternateName\":\"Lugares donde la tierra cobra vida\",\"url\":\"https:\/\/arterraceramica.com\/\",\"logo\":{\"@type\":\"ImageObject\",\"inLanguage\":\"fr-FR\",\"@id\":\"https:\/\/arterraceramica.com\/#\/schema\/logo\/image\/\",\"url\":\"https:\/\/arterraceramica.com\/wp-content\/uploads\/2025\/09\/logo-arterra-header-web.png\",\"contentUrl\":\"https:\/\/arterraceramica.com\/wp-content\/uploads\/2025\/09\/logo-arterra-header-web.png\",\"width\":1485,\"height\":365,\"caption\":\"ARTERRA\"},\"image\":{\"@id\":\"https:\/\/arterraceramica.com\/#\/schema\/logo\/image\/\"},\"sameAs\":[\"https:\/\/www.facebook.com\/arterra_ceramica\/\",\"https:\/\/www.instagram.com\/arterra_ceramica\"]}]}<\/script>\n<!-- \/ Yoast SEO plugin. -->","yoast_head_json":{"title":"Politique de cookies - ARTERRA","robots":{"index":"index","follow":"follow","max-snippet":"max-snippet:-1","max-image-preview":"max-image-preview:large","max-video-preview":"max-video-preview:-1"},"canonical":"https:\/\/arterraceramica.com\/fr\/politique-de-cookies\/","og_locale":"fr_FR","og_type":"article","og_title":"Politique de cookies - ARTERRA","og_url":"https:\/\/arterraceramica.com\/fr\/politique-de-cookies\/","og_site_name":"ARTERRA","article_publisher":"https:\/\/www.facebook.com\/arterra_ceramica\/","article_modified_time":"2026-01-08T12:48:01+00:00","og_image":[{"width":1485,"height":365,"url":"https:\/\/arterraceramica.com\/wp-content\/uploads\/2025\/09\/logo-arterra-header-web.png","type":"image\/png"}],"twitter_card":"summary_large_image","twitter_misc":{"Dur\u00e9e de lecture estim\u00e9e":"5 minutes"},"schema":{"@context":"https:\/\/schema.org","@graph":[{"@type":"WebPage","@id":"https:\/\/arterraceramica.com\/fr\/politique-de-cookies\/","url":"https:\/\/arterraceramica.com\/fr\/politique-de-cookies\/","name":"Politique de cookies - ARTERRA","isPartOf":{"@id":"https:\/\/arterraceramica.com\/#website"},"datePublished":"2025-09-30T10:27:27+00:00","dateModified":"2026-01-08T12:48:01+00:00","breadcrumb":{"@id":"https:\/\/arterraceramica.com\/fr\/politique-de-cookies\/#breadcrumb"},"inLanguage":"fr-FR","potentialAction":[{"@type":"ReadAction","target":["https:\/\/arterraceramica.com\/fr\/politique-de-cookies\/"]}]},{"@type":"BreadcrumbList","@id":"https:\/\/arterraceramica.com\/fr\/politique-de-cookies\/#breadcrumb","itemListElement":[{"@type":"ListItem","position":1,"name":"Portada","item":"https:\/\/arterraceramica.com\/fr\/"},{"@type":"ListItem","position":2,"name":"Politique de cookies"}]},{"@type":"WebSite","@id":"https:\/\/arterraceramica.com\/#website","url":"https:\/\/arterraceramica.com\/","name":"ARTERRA","description":"Lugares donde la tierra cobra vida","publisher":{"@id":"https:\/\/arterraceramica.com\/#organization"},"alternateName":"Lugares donde la tierra cobra vida","potentialAction":[{"@type":"SearchAction","target":{"@type":"EntryPoint","urlTemplate":"https:\/\/arterraceramica.com\/?s={search_term_string}"},"query-input":{"@type":"PropertyValueSpecification","valueRequired":true,"valueName":"search_term_string"}}],"inLanguage":"fr-FR"},{"@type":"Organization","@id":"https:\/\/arterraceramica.com\/#organization","name":"ARTERRA","alternateName":"Lugares donde la tierra cobra vida","url":"https:\/\/arterraceramica.com\/","logo":{"@type":"ImageObject","inLanguage":"fr-FR","@id":"https:\/\/arterraceramica.com\/#\/schema\/logo\/image\/","url":"https:\/\/arterraceramica.com\/wp-content\/uploads\/2025\/09\/logo-arterra-header-web.png","contentUrl":"https:\/\/arterraceramica.com\/wp-content\/uploads\/2025\/09\/logo-arterra-header-web.png","width":1485,"height":365,"caption":"ARTERRA"},"image":{"@id":"https:\/\/arterraceramica.com\/#\/schema\/logo\/image\/"},"sameAs":["https:\/\/www.facebook.com\/arterra_ceramica\/","https:\/\/www.instagram.com\/arterra_ceramica"]}]}},"_links":{"self":[{"href":"https:\/\/arterraceramica.com\/fr\/wp-json\/wp\/v2\/pages\/2642","targetHints":{"allow":["GET"]}}],"collection":[{"href":"https:\/\/arterraceramica.com\/fr\/wp-json\/wp\/v2\/pages"}],"about":[{"href":"https:\/\/arterraceramica.com\/fr\/wp-json\/wp\/v2\/types\/page"}],"author":[{"embeddable":true,"href":"https:\/\/arterraceramica.com\/fr\/wp-json\/wp\/v2\/users\/2"}],"replies":[{"embeddable":true,"href":"https:\/\/arterraceramica.com\/fr\/wp-json\/wp\/v2\/comments?post=2642"}],"version-history":[{"count":2,"href":"https:\/\/arterraceramica.com\/fr\/wp-json\/wp\/v2\/pages\/2642\/revisions"}],"predecessor-version":[{"id":3435,"href":"https:\/\/arterraceramica.com\/fr\/wp-json\/wp\/v2\/pages\/2642\/revisions\/3435"}],"wp:attachment":[{"href":"https:\/\/arterraceramica.com\/fr\/wp-json\/wp\/v2\/media?parent=2642"}],"curies":[{"name":"wp","href":"https:\/\/api.w.org\/{rel}","templated":true}]}}